{"id":6051,"date":"2026-01-20T10:50:15","date_gmt":"2026-01-20T10:50:15","guid":{"rendered":"https:\/\/paroquiasportosanto.pt\/?page_id=6051"},"modified":"2026-01-20T11:04:16","modified_gmt":"2026-01-20T11:04:16","slug":"donativos-as-paroquias","status":"publish","type":"page","link":"https:\/\/paroquiasportosanto.pt\/?page_id=6051","title":{"rendered":"Donativos \u00e0s Par\u00f3quias"},"content":{"rendered":"<div class=\"wp-block-image\">\n<figure class=\"aligncenter size-large\"><img data-recalc-dims=\"1\" loading=\"lazy\" decoding=\"async\" width=\"750\" height=\"568\" src=\"https:\/\/i0.wp.com\/paroquiasportosanto.pt\/wp-content\/uploads\/2026\/01\/Donativos.png?resize=750%2C568&#038;ssl=1\" alt=\"\" class=\"wp-image-6052\" srcset=\"https:\/\/i0.wp.com\/paroquiasportosanto.pt\/wp-content\/uploads\/2026\/01\/Donativos.png?resize=1024%2C776&amp;ssl=1 1024w, https:\/\/i0.wp.com\/paroquiasportosanto.pt\/wp-content\/uploads\/2026\/01\/Donativos.png?resize=300%2C227&amp;ssl=1 300w, https:\/\/i0.wp.com\/paroquiasportosanto.pt\/wp-content\/uploads\/2026\/01\/Donativos.png?resize=150%2C114&amp;ssl=1 150w, https:\/\/i0.wp.com\/paroquiasportosanto.pt\/wp-content\/uploads\/2026\/01\/Donativos.png?resize=768%2C582&amp;ssl=1 768w, https:\/\/i0.wp.com\/paroquiasportosanto.pt\/wp-content\/uploads\/2026\/01\/Donativos.png?resize=1536%2C1163&amp;ssl=1 1536w, https:\/\/i0.wp.com\/paroquiasportosanto.pt\/wp-content\/uploads\/2026\/01\/Donativos.png?w=2250&amp;ssl=1 2250w\" sizes=\"auto, (max-width: 750px) 100vw, 750px\" \/><\/figure>\n<\/div>\n\n\n<p><\/p>\n\n\n\n<hr class=\"wp-block-separator has-alpha-channel-opacity\"\/>\n\n\n\n<p><\/p>\n\n\n\n<h2 class=\"wp-block-heading has-text-align-center\"><strong>O seu donativo faz toda a diferen\u00e7a<\/strong><\/h2>\n\n\n\n<p>S\u00e3o muitos os que se questionam sobre como \u00e9 que a Igreja se financia para realizar a sua atividade mission\u00e1ria de evangeliza\u00e7\u00e3o. E a resposta \u00e9 simples: \u00e9 gra\u00e7as \u00e0 generosidade de cada pessoa, de si! \u00c9 o seu donativo, o seu contributo, a sua oferta, que faz toda a diferen\u00e7a na sustenta\u00e7\u00e3o da Igreja.<\/p>\n\n\n\n<p>A vida econ\u00f3mica das Par\u00f3quias do Porto Santo tem subsistido com os donativos que os seus paroquianos fazem, seja no ofert\u00f3rio das eucaristias, nas celebra\u00e7\u00f5es dos sacramentos ou presta\u00e7\u00e3o de algum servi\u00e7o, seja atrav\u00e9s de alguma oferta peri\u00f3dica.<\/p>\n\n\n\n<p>Ao fazer o seu donativo est\u00e1 a ajudar a pagar a conta da luz, da \u00e1gua, as comunica\u00e7\u00f5es, sal\u00e1rios e tudo o que \u00e9 necess\u00e1rio para celebrar os sacramentos, anunciar o Evangelho e servir os irm\u00e3os, sobretudo nas solicita\u00e7\u00f5es acrescidas deste tempo. Est\u00e1 tamb\u00e9m a colaborar na manuten\u00e7\u00e3o, restauro e conserva\u00e7\u00e3o do patrim\u00f3nio cultural e art\u00edstico da Igreja e dos espa\u00e7os de apoio \u00e0s atividades pastorais.<\/p>\n\n\n\n<p>Aqueles que quiserem poder\u00e3o fazer o seu donativo atrav\u00e9s de transfer\u00eancia banc\u00e1ria para o IBAN:<\/p>\n\n\n\n<p class=\"has-text-align-center\"><strong>PT50 0035 0660 00001979030 12<\/strong>&nbsp;(Banco Caixa Geral de Dep\u00f3sitos) <\/p>\n\n\n\n<p class=\"has-text-align-center\"><em>F\u00e1brica da Igreja Paroquial da Freguesia do Porto Santo<\/em><\/p>\n\n\n\n<p>Agradecemos que no descritivo da opera\u00e7\u00e3o coloque a indica\u00e7\u00e3o:&nbsp;<strong>Donativo<\/strong>, conforme for a sua inten\u00e7\u00e3o.<\/p>\n\n\n\n<p class=\"has-text-align-center\"><strong>Para obter o devido recibo de donativo, contacte-nos atrav\u00e9s do e-mail:\u00a0paroquiasportosanto@gmail.com. Para emiss\u00e3o do recibo de donativo ser\u00e3o necess\u00e1rios os seguintes dados: nome completo, morada completa, n\u00famero de contribuinte e comprovativo de transfer\u00eancia.<\/strong><\/p>\n\n\n\n<p><\/p>\n","protected":false},"excerpt":{"rendered":"<p>O seu donativo faz toda a diferen\u00e7a S\u00e3o muitos os que se questionam sobre como \u00e9 que a Igreja se financia para realizar a sua atividade mission\u00e1ria de evangeliza\u00e7\u00e3o. E a resposta \u00e9 simples: \u00e9 gra\u00e7as \u00e0 generosidade de cada pessoa, de si! \u00c9 o seu donativo, o seu contributo, [&hellip;]<\/p>\n","protected":false},"author":1,"featured_media":6052,"parent":0,"menu_order":0,"comment_status":"closed","ping_status":"closed","template":"","meta":{"_themeisle_gutenberg_block_has_review":false,"footnotes":""},"class_list":["post-6051","page","type-page","status-publish","has-post-thumbnail","hentry"],"_links":{"self":[{"href":"https:\/\/paroquiasportosanto.pt\/index.php?rest_route=\/wp\/v2\/pages\/6051","targetHints":{"allow":["GET"]}}],"collection":[{"href":"https:\/\/paroquiasportosanto.pt\/index.php?rest_route=\/wp\/v2\/pages"}],"about":[{"href":"https:\/\/paroquiasportosanto.pt\/index.php?rest_route=\/wp\/v2\/types\/page"}],"author":[{"embeddable":true,"href":"https:\/\/paroquiasportosanto.pt\/index.php?rest_route=\/wp\/v2\/users\/1"}],"replies":[{"embeddable":true,"href":"https:\/\/paroquiasportosanto.pt\/index.php?rest_route=%2Fwp%2Fv2%2Fcomments&post=6051"}],"version-history":[{"count":3,"href":"https:\/\/paroquiasportosanto.pt\/index.php?rest_route=\/wp\/v2\/pages\/6051\/revisions"}],"predecessor-version":[{"id":6057,"href":"https:\/\/paroquiasportosanto.pt\/index.php?rest_route=\/wp\/v2\/pages\/6051\/revisions\/6057"}],"wp:featuredmedia":[{"embeddable":true,"href":"https:\/\/paroquiasportosanto.pt\/index.php?rest_route=\/wp\/v2\/media\/6052"}],"wp:attachment":[{"href":"https:\/\/paroquiasportosanto.pt\/index.php?rest_route=%2Fwp%2Fv2%2Fmedia&parent=6051"}],"curies":[{"name":"wp","href":"https:\/\/api.w.org\/{rel}","templated":true}]}}