{"id":59,"date":"2021-12-14T08:30:11","date_gmt":"2021-12-14T08:30:11","guid":{"rendered":"http:\/\/paroquiasportosanto.pt\/wordpress\/?page_id=59"},"modified":"2023-11-28T19:19:43","modified_gmt":"2023-11-28T19:19:43","slug":"espirito-santo","status":"publish","type":"page","link":"https:\/\/paroquiasportosanto.pt\/?page_id=59","title":{"rendered":"Esp\u00edrito Santo"},"content":{"rendered":"<div class=\"wp-block-image\">\n<figure class=\"aligncenter size-full is-resized\"><img data-recalc-dims=\"1\" loading=\"lazy\" decoding=\"async\" width=\"700\" height=\"360\" src=\"https:\/\/i0.wp.com\/paroquiasportosanto.pt\/wp-content\/uploads\/2021\/12\/CAPELADOESPIRITOSANTO-1.jpg?resize=700%2C360&#038;ssl=1\" alt=\"\" class=\"wp-image-369\" style=\"width:723px;height:372px\" srcset=\"https:\/\/i0.wp.com\/paroquiasportosanto.pt\/wp-content\/uploads\/2021\/12\/CAPELADOESPIRITOSANTO-1.jpg?w=700&amp;ssl=1 700w, https:\/\/i0.wp.com\/paroquiasportosanto.pt\/wp-content\/uploads\/2021\/12\/CAPELADOESPIRITOSANTO-1.jpg?resize=300%2C154&amp;ssl=1 300w\" sizes=\"auto, (max-width: 700px) 100vw, 700px\" \/><figcaption class=\"wp-element-caption\">Igreja Paroquial do Esp\u00edrito Santo<\/figcaption><\/figure>\n<\/div>\n\n\n<hr class=\"wp-block-separator has-alpha-channel-opacity\"\/>\n\n\n\n<p class=\"has-text-align-justify\">A Capela do Esp\u00edrito Santo, situada no Campo de Baixo, encontra-se envolvida por uma zona habitacional. Origin\u00e1ria numa capela do s\u00e9c. XVI, sofreu remodela\u00e7\u00e3o ou reedifica\u00e7\u00e3o nos s\u00e9culos XVII e XVIII. A interven\u00e7\u00e3o mais significativa decorreu em 1793 mandada executar pelo ent\u00e3o administrador capit\u00e3o Sebasti\u00e3o Ant\u00f3nio Drummond, cujas obras se prolongaram at\u00e9 1819, data em que \u00e9 solicitada autoriza\u00e7\u00e3o para benzer a capela. Desta campanha de obras dever\u00e1 ser a pia de \u00e1gua benta executada em pedra do Porto Santo, pr\u00f3xima \u00e0 configura\u00e7\u00e3o de uma concha, gomada no interior e exterior, embutida na parede. Possui um ret\u00e1bulo do s\u00e9c. XVII, executado entre 1650 e finais de setenta, atribu\u00eddo ao imagin\u00e1rio madeirense Manuel Pereira, ativo entre 1624 e 1679, ou a um seguidor dos seus modelos, como o seu sobrinho, o entalhador Manuel Pereira de Almeida, ativo entre 1677-1720\/1730. Mas \u00e9 a pintura da \u201cSagrada Fam\u00edlia\u201d e o ret\u00e1bulo de talha dourada e policromada que testemunham a exist\u00eancia de uma primitiva capela do s\u00e9c. XVI e uma campanha de obras no s\u00e9c. XVII. S\u00e3o duas pe\u00e7as fulcrais do patrim\u00f3nio devocional e art\u00edstico desta capela e da Ilha do Porto Santo. Trata-se de uma pintura a \u00f3leo sobre madeira, do s\u00e9c. XVI, de cerca de 1530, de oficina flamenga (Antu\u00e9rpia) pr\u00f3xima aos c\u00edrculos de Joos van Cl\u00e8ve (1485-1541) ou de Quentin Metsys (1466-1530).<\/p>\n\n\n\n<hr class=\"wp-block-separator has-alpha-channel-opacity\"\/>\n\n\n\n<figure class=\"wp-block-gallery has-nested-images columns-default is-cropped wp-block-gallery-1 is-layout-flex wp-block-gallery-is-layout-flex\">\n<figure class=\"wp-block-image size-large\"><img data-recalc-dims=\"1\" loading=\"lazy\" decoding=\"async\" width=\"700\" height=\"360\" data-id=\"371\" src=\"https:\/\/i0.wp.com\/paroquiasportosanto.pt\/wp-content\/uploads\/2021\/12\/CAPELADOESPIRITOSANTO-2.jpg?resize=700%2C360&#038;ssl=1\" alt=\"\" class=\"wp-image-371\" srcset=\"https:\/\/i0.wp.com\/paroquiasportosanto.pt\/wp-content\/uploads\/2021\/12\/CAPELADOESPIRITOSANTO-2.jpg?w=700&amp;ssl=1 700w, https:\/\/i0.wp.com\/paroquiasportosanto.pt\/wp-content\/uploads\/2021\/12\/CAPELADOESPIRITOSANTO-2.jpg?resize=300%2C154&amp;ssl=1 300w\" sizes=\"auto, (max-width: 700px) 100vw, 700px\" \/><\/figure>\n\n\n\n<figure class=\"wp-block-image size-large\"><img data-recalc-dims=\"1\" loading=\"lazy\" decoding=\"async\" width=\"720\" height=\"960\" data-id=\"372\" src=\"https:\/\/i0.wp.com\/paroquiasportosanto.pt\/wp-content\/uploads\/2021\/12\/ES-1.jpg?resize=720%2C960&#038;ssl=1\" alt=\"\" class=\"wp-image-372\" srcset=\"https:\/\/i0.wp.com\/paroquiasportosanto.pt\/wp-content\/uploads\/2021\/12\/ES-1.jpg?w=720&amp;ssl=1 720w, https:\/\/i0.wp.com\/paroquiasportosanto.pt\/wp-content\/uploads\/2021\/12\/ES-1.jpg?resize=225%2C300&amp;ssl=1 225w\" sizes=\"auto, (max-width: 720px) 100vw, 720px\" \/><\/figure>\n\n\n\n<figure class=\"wp-block-image size-large\"><img data-recalc-dims=\"1\" loading=\"lazy\" decoding=\"async\" width=\"720\" height=\"960\" data-id=\"373\" src=\"https:\/\/i0.wp.com\/paroquiasportosanto.pt\/wp-content\/uploads\/2021\/12\/ES-2.jpg?resize=720%2C960&#038;ssl=1\" alt=\"\" class=\"wp-image-373\" srcset=\"https:\/\/i0.wp.com\/paroquiasportosanto.pt\/wp-content\/uploads\/2021\/12\/ES-2.jpg?w=720&amp;ssl=1 720w, https:\/\/i0.wp.com\/paroquiasportosanto.pt\/wp-content\/uploads\/2021\/12\/ES-2.jpg?resize=225%2C300&amp;ssl=1 225w\" sizes=\"auto, (max-width: 720px) 100vw, 720px\" \/><\/figure>\n\n\n\n<figure class=\"wp-block-image size-large\"><img data-recalc-dims=\"1\" loading=\"lazy\" decoding=\"async\" width=\"720\" height=\"960\" data-id=\"374\" src=\"https:\/\/i0.wp.com\/paroquiasportosanto.pt\/wp-content\/uploads\/2021\/12\/ES-3.jpg?resize=720%2C960&#038;ssl=1\" alt=\"\" class=\"wp-image-374\" srcset=\"https:\/\/i0.wp.com\/paroquiasportosanto.pt\/wp-content\/uploads\/2021\/12\/ES-3.jpg?w=720&amp;ssl=1 720w, https:\/\/i0.wp.com\/paroquiasportosanto.pt\/wp-content\/uploads\/2021\/12\/ES-3.jpg?resize=225%2C300&amp;ssl=1 225w\" sizes=\"auto, (max-width: 720px) 100vw, 720px\" \/><\/figure>\n\n\n\n<figure class=\"wp-block-image size-large\"><img data-recalc-dims=\"1\" loading=\"lazy\" decoding=\"async\" width=\"750\" height=\"563\" data-id=\"773\" src=\"https:\/\/i0.wp.com\/paroquiasportosanto.pt\/wp-content\/uploads\/2022\/03\/273504256_3152799781633317_5021614773618356220_n.jpg?resize=750%2C563&#038;ssl=1\" alt=\"\" class=\"wp-image-773\" srcset=\"https:\/\/i0.wp.com\/paroquiasportosanto.pt\/wp-content\/uploads\/2022\/03\/273504256_3152799781633317_5021614773618356220_n.jpg?w=960&amp;ssl=1 960w, https:\/\/i0.wp.com\/paroquiasportosanto.pt\/wp-content\/uploads\/2022\/03\/273504256_3152799781633317_5021614773618356220_n.jpg?resize=300%2C225&amp;ssl=1 300w, https:\/\/i0.wp.com\/paroquiasportosanto.pt\/wp-content\/uploads\/2022\/03\/273504256_3152799781633317_5021614773618356220_n.jpg?resize=768%2C576&amp;ssl=1 768w\" sizes=\"auto, (max-width: 750px) 100vw, 750px\" \/><\/figure>\n\n\n\n<figure class=\"wp-block-image size-large\"><img data-recalc-dims=\"1\" loading=\"lazy\" decoding=\"async\" width=\"750\" height=\"563\" data-id=\"772\" src=\"https:\/\/i0.wp.com\/paroquiasportosanto.pt\/wp-content\/uploads\/2022\/03\/273437838_3152799718299990_3512463442708860739_n.jpg?resize=750%2C563&#038;ssl=1\" alt=\"\" class=\"wp-image-772\" srcset=\"https:\/\/i0.wp.com\/paroquiasportosanto.pt\/wp-content\/uploads\/2022\/03\/273437838_3152799718299990_3512463442708860739_n.jpg?w=960&amp;ssl=1 960w, https:\/\/i0.wp.com\/paroquiasportosanto.pt\/wp-content\/uploads\/2022\/03\/273437838_3152799718299990_3512463442708860739_n.jpg?resize=300%2C225&amp;ssl=1 300w, https:\/\/i0.wp.com\/paroquiasportosanto.pt\/wp-content\/uploads\/2022\/03\/273437838_3152799718299990_3512463442708860739_n.jpg?resize=768%2C576&amp;ssl=1 768w\" sizes=\"auto, (max-width: 750px) 100vw, 750px\" \/><\/figure>\n\n\n\n<figure class=\"wp-block-image size-large\"><img data-recalc-dims=\"1\" loading=\"lazy\" decoding=\"async\" width=\"750\" height=\"563\" data-id=\"774\" src=\"https:\/\/i0.wp.com\/paroquiasportosanto.pt\/wp-content\/uploads\/2022\/03\/273364330_3152799628299999_2407228696626045415_n.jpg?resize=750%2C563&#038;ssl=1\" alt=\"\" class=\"wp-image-774\" srcset=\"https:\/\/i0.wp.com\/paroquiasportosanto.pt\/wp-content\/uploads\/2022\/03\/273364330_3152799628299999_2407228696626045415_n.jpg?w=960&amp;ssl=1 960w, https:\/\/i0.wp.com\/paroquiasportosanto.pt\/wp-content\/uploads\/2022\/03\/273364330_3152799628299999_2407228696626045415_n.jpg?resize=300%2C225&amp;ssl=1 300w, https:\/\/i0.wp.com\/paroquiasportosanto.pt\/wp-content\/uploads\/2022\/03\/273364330_3152799628299999_2407228696626045415_n.jpg?resize=768%2C576&amp;ssl=1 768w\" sizes=\"auto, (max-width: 750px) 100vw, 750px\" \/><\/figure>\n\n\n\n<figure class=\"wp-block-image size-large\"><img data-recalc-dims=\"1\" loading=\"lazy\" decoding=\"async\" width=\"750\" height=\"563\" data-id=\"768\" src=\"https:\/\/i0.wp.com\/paroquiasportosanto.pt\/wp-content\/uploads\/2022\/03\/273442237_3152799684966660_2842850597341753077_n.jpg?resize=750%2C563&#038;ssl=1\" alt=\"\" class=\"wp-image-768\" srcset=\"https:\/\/i0.wp.com\/paroquiasportosanto.pt\/wp-content\/uploads\/2022\/03\/273442237_3152799684966660_2842850597341753077_n.jpg?w=960&amp;ssl=1 960w, https:\/\/i0.wp.com\/paroquiasportosanto.pt\/wp-content\/uploads\/2022\/03\/273442237_3152799684966660_2842850597341753077_n.jpg?resize=300%2C225&amp;ssl=1 300w, https:\/\/i0.wp.com\/paroquiasportosanto.pt\/wp-content\/uploads\/2022\/03\/273442237_3152799684966660_2842850597341753077_n.jpg?resize=768%2C576&amp;ssl=1 768w\" sizes=\"auto, (max-width: 750px) 100vw, 750px\" \/><\/figure>\n\n\n\n<figure class=\"wp-block-image size-large\"><img data-recalc-dims=\"1\" loading=\"lazy\" decoding=\"async\" width=\"750\" height=\"563\" data-id=\"767\" src=\"https:\/\/i0.wp.com\/paroquiasportosanto.pt\/wp-content\/uploads\/2022\/03\/273281160_3152799591633336_1037925317355849657_n.jpg?resize=750%2C563&#038;ssl=1\" alt=\"\" class=\"wp-image-767\" srcset=\"https:\/\/i0.wp.com\/paroquiasportosanto.pt\/wp-content\/uploads\/2022\/03\/273281160_3152799591633336_1037925317355849657_n.jpg?w=960&amp;ssl=1 960w, https:\/\/i0.wp.com\/paroquiasportosanto.pt\/wp-content\/uploads\/2022\/03\/273281160_3152799591633336_1037925317355849657_n.jpg?resize=300%2C225&amp;ssl=1 300w, https:\/\/i0.wp.com\/paroquiasportosanto.pt\/wp-content\/uploads\/2022\/03\/273281160_3152799591633336_1037925317355849657_n.jpg?resize=768%2C576&amp;ssl=1 768w\" sizes=\"auto, (max-width: 750px) 100vw, 750px\" \/><\/figure>\n\n\n\n<figure class=\"wp-block-image size-large\"><img data-recalc-dims=\"1\" loading=\"lazy\" decoding=\"async\" width=\"750\" height=\"563\" data-id=\"769\" src=\"https:\/\/i0.wp.com\/paroquiasportosanto.pt\/wp-content\/uploads\/2022\/03\/273378995_3152799748299987_3101545079462291571_n.jpg?resize=750%2C563&#038;ssl=1\" alt=\"\" class=\"wp-image-769\" srcset=\"https:\/\/i0.wp.com\/paroquiasportosanto.pt\/wp-content\/uploads\/2022\/03\/273378995_3152799748299987_3101545079462291571_n.jpg?w=960&amp;ssl=1 960w, https:\/\/i0.wp.com\/paroquiasportosanto.pt\/wp-content\/uploads\/2022\/03\/273378995_3152799748299987_3101545079462291571_n.jpg?resize=300%2C225&amp;ssl=1 300w, https:\/\/i0.wp.com\/paroquiasportosanto.pt\/wp-content\/uploads\/2022\/03\/273378995_3152799748299987_3101545079462291571_n.jpg?resize=768%2C576&amp;ssl=1 768w\" sizes=\"auto, (max-width: 750px) 100vw, 750px\" \/><\/figure>\n\n\n\n<figure class=\"wp-block-image size-large\"><img data-recalc-dims=\"1\" loading=\"lazy\" decoding=\"async\" width=\"750\" height=\"563\" data-id=\"770\" src=\"https:\/\/i0.wp.com\/paroquiasportosanto.pt\/wp-content\/uploads\/2022\/03\/273294678_3152799661633329_7597207732013975697_n.jpg?resize=750%2C563&#038;ssl=1\" alt=\"\" class=\"wp-image-770\" srcset=\"https:\/\/i0.wp.com\/paroquiasportosanto.pt\/wp-content\/uploads\/2022\/03\/273294678_3152799661633329_7597207732013975697_n.jpg?w=960&amp;ssl=1 960w, https:\/\/i0.wp.com\/paroquiasportosanto.pt\/wp-content\/uploads\/2022\/03\/273294678_3152799661633329_7597207732013975697_n.jpg?resize=300%2C225&amp;ssl=1 300w, https:\/\/i0.wp.com\/paroquiasportosanto.pt\/wp-content\/uploads\/2022\/03\/273294678_3152799661633329_7597207732013975697_n.jpg?resize=768%2C576&amp;ssl=1 768w\" sizes=\"auto, (max-width: 750px) 100vw, 750px\" \/><\/figure>\n\n\n\n<figure class=\"wp-block-image size-large\"><img data-recalc-dims=\"1\" loading=\"lazy\" decoding=\"async\" width=\"750\" height=\"563\" data-id=\"771\" src=\"https:\/\/i0.wp.com\/paroquiasportosanto.pt\/wp-content\/uploads\/2022\/03\/273367091_3152800178299944_3770375378509241136_n.jpg?resize=750%2C563&#038;ssl=1\" alt=\"\" class=\"wp-image-771\" srcset=\"https:\/\/i0.wp.com\/paroquiasportosanto.pt\/wp-content\/uploads\/2022\/03\/273367091_3152800178299944_3770375378509241136_n.jpg?w=960&amp;ssl=1 960w, https:\/\/i0.wp.com\/paroquiasportosanto.pt\/wp-content\/uploads\/2022\/03\/273367091_3152800178299944_3770375378509241136_n.jpg?resize=300%2C225&amp;ssl=1 300w, https:\/\/i0.wp.com\/paroquiasportosanto.pt\/wp-content\/uploads\/2022\/03\/273367091_3152800178299944_3770375378509241136_n.jpg?resize=768%2C576&amp;ssl=1 768w\" sizes=\"auto, (max-width: 750px) 100vw, 750px\" \/><\/figure>\n\n\n\n<figure class=\"wp-block-image size-large\"><img data-recalc-dims=\"1\" loading=\"lazy\" decoding=\"async\" width=\"720\" height=\"960\" data-id=\"775\" src=\"https:\/\/i0.wp.com\/paroquiasportosanto.pt\/wp-content\/uploads\/2022\/03\/273439011_3152799561633339_2519060578474884808_n.jpg?resize=720%2C960&#038;ssl=1\" alt=\"\" class=\"wp-image-775\" srcset=\"https:\/\/i0.wp.com\/paroquiasportosanto.pt\/wp-content\/uploads\/2022\/03\/273439011_3152799561633339_2519060578474884808_n.jpg?w=720&amp;ssl=1 720w, https:\/\/i0.wp.com\/paroquiasportosanto.pt\/wp-content\/uploads\/2022\/03\/273439011_3152799561633339_2519060578474884808_n.jpg?resize=225%2C300&amp;ssl=1 225w\" sizes=\"auto, (max-width: 720px) 100vw, 720px\" \/><\/figure>\n<\/figure>\n\n\n\n<div style=\"height:50px\" aria-hidden=\"true\" class=\"wp-block-spacer\"><\/div>\n","protected":false},"excerpt":{"rendered":"<p>A Capela do Esp\u00edrito Santo, situada no Campo de Baixo, encontra-se envolvida por uma zona habitacional. Origin\u00e1ria numa capela do s\u00e9c. XVI, sofreu remodela\u00e7\u00e3o ou reedifica\u00e7\u00e3o nos s\u00e9culos XVII e XVIII. A interven\u00e7\u00e3o mais significativa decorreu em 1793 mandada executar pelo ent\u00e3o administrador capit\u00e3o Sebasti\u00e3o Ant\u00f3nio Drummond, cujas obras se [&hellip;]<\/p>\n","protected":false},"author":1,"featured_media":0,"parent":0,"menu_order":0,"comment_status":"closed","ping_status":"closed","template":"","meta":{"_themeisle_gutenberg_block_has_review":false,"footnotes":""},"class_list":["post-59","page","type-page","status-publish","hentry"],"_links":{"self":[{"href":"https:\/\/paroquiasportosanto.pt\/index.php?rest_route=\/wp\/v2\/pages\/59","targetHints":{"allow":["GET"]}}],"collection":[{"href":"https:\/\/paroquiasportosanto.pt\/index.php?rest_route=\/wp\/v2\/pages"}],"about":[{"href":"https:\/\/paroquiasportosanto.pt\/index.php?rest_route=\/wp\/v2\/types\/page"}],"author":[{"embeddable":true,"href":"https:\/\/paroquiasportosanto.pt\/index.php?rest_route=\/wp\/v2\/users\/1"}],"replies":[{"embeddable":true,"href":"https:\/\/paroquiasportosanto.pt\/index.php?rest_route=%2Fwp%2Fv2%2Fcomments&post=59"}],"version-history":[{"count":0,"href":"https:\/\/paroquiasportosanto.pt\/index.php?rest_route=\/wp\/v2\/pages\/59\/revisions"}],"wp:attachment":[{"href":"https:\/\/paroquiasportosanto.pt\/index.php?rest_route=%2Fwp%2Fv2%2Fmedia&parent=59"}],"curies":[{"name":"wp","href":"https:\/\/api.w.org\/{rel}","templated":true}]}}