{"id":409,"date":"2021-12-22T17:49:31","date_gmt":"2021-12-22T17:49:31","guid":{"rendered":"https:\/\/paroquiasportosanto.pt\/?page_id=409"},"modified":"2025-01-27T19:57:12","modified_gmt":"2025-01-27T19:57:12","slug":"baptismo","status":"publish","type":"page","link":"https:\/\/paroquiasportosanto.pt\/?page_id=409","title":{"rendered":"Batismo"},"content":{"rendered":"\n<p>Quando uma crian\u00e7a vem ao mundo, os seus pais experimentam uma grande alegria. A crian\u00e7a \u00e9 amada desde a sua concep\u00e7\u00e3o e, normalmente, a partir do an\u00fancio da gravidez, tudo \u00e9 preparado para que a vida deste novo ser seja bela e fecunda. O seu lugar no seio da fam\u00edlia \u00e9 preparado desde logo porque, em escassos meses, ela j\u00e1 est\u00e1 em casa e concentra a aten\u00e7\u00e3o de todos.Acolher um rec\u00e9m-nascido \u00e9 um acto de esperan\u00e7a: o amor dos seus pais permite-lhe existir e o ambiente envolvente f\u00e1-lo-\u00e1 crescer. Os pais ir\u00e3o transmitir-lhe, pouco a pouco, o que julgam ser o melhor, o que lhes parece necess\u00e1rio \u00e0 sua felicidade. Na verdade, os pais t\u00eam uma grande responsabilidade na transmiss\u00e3o dos valores fundamentais, em particular, ensinam os filhos a amar a vida e a compreender que ela n\u00e3o \u00e9 feita somente de coisas materiais \u2013 o sacramento do Batismo situa-se exactamente nesta perspectiva.O Batismo, sinal forte do amor de Deus, dom gratuito e sem condi\u00e7\u00e3o do Criador, \u00e9 oferecido \u00e0 crian\u00e7a logo nos primeiros momentos da sua vida, segundo a pr\u00e1tica continuada da Igreja. \u00c9 o Pai do C\u00e9u que chama a crian\u00e7a \u00e0 vida eterna \u2013 o desejo do Criador junta-se ao dos pais: que a crian\u00e7a, vinda ao mundo pelo amor do homem e da mulher, viva a felicidade plena, n\u00e3o somente sobre esta terra mas tamb\u00e9m por toda a eternidade. O desejo dos pais junta-se \u00e0 vontade do Pai: procurando a melhor forma de amar o seu filho, s\u00e3o guiados por Aquele cujo amor \u00e9 sem limites.<\/p>\n\n\n\n<p>Para saber mais consulte:<\/p>\n\n\n\n<p><\/p>\n\n\n<div class=\"wp-block-image\">\n<figure class=\"aligncenter size-full is-resized\"><a href=\"https:\/\/www.liturgia.pt\/rituais\/Baptismo.pdf\" target=\"_blank\" rel=\" noreferrer noopener\"><img data-recalc-dims=\"1\" loading=\"lazy\" decoding=\"async\" width=\"450\" height=\"664\" src=\"https:\/\/i0.wp.com\/paroquiasportosanto.pt\/wp-content\/uploads\/2025\/01\/9788534915144.jpg?resize=450%2C664&#038;ssl=1\" alt=\"\" class=\"wp-image-4241\" style=\"width:227px;height:auto\" srcset=\"https:\/\/i0.wp.com\/paroquiasportosanto.pt\/wp-content\/uploads\/2025\/01\/9788534915144.jpg?w=450&amp;ssl=1 450w, https:\/\/i0.wp.com\/paroquiasportosanto.pt\/wp-content\/uploads\/2025\/01\/9788534915144.jpg?resize=203%2C300&amp;ssl=1 203w, https:\/\/i0.wp.com\/paroquiasportosanto.pt\/wp-content\/uploads\/2025\/01\/9788534915144.jpg?resize=102%2C150&amp;ssl=1 102w, https:\/\/i0.wp.com\/paroquiasportosanto.pt\/wp-content\/uploads\/2025\/01\/9788534915144.jpg?resize=8%2C12&amp;ssl=1 8w\" sizes=\"auto, (max-width: 450px) 100vw, 450px\" \/><\/a><\/figure>\n<\/div>\n\n\n<p><\/p>\n\n\n\n<hr class=\"wp-block-separator has-text-color has-secondary-color has-alpha-channel-opacity has-secondary-background-color has-background is-style-wide\"\/>\n\n\n\n<p><\/p>\n\n\n<div class=\"wp-block-image\">\n<figure class=\"aligncenter size-full is-resized\"><a href=\"https:\/\/www.liturgia.pt\/rituais\/RICA.pdf\" target=\"_blank\" rel=\" noreferrer noopener\"><img data-recalc-dims=\"1\" loading=\"lazy\" decoding=\"async\" width=\"344\" height=\"499\" src=\"https:\/\/i0.wp.com\/paroquiasportosanto.pt\/wp-content\/uploads\/2025\/01\/51diiNfFzjL._SX342_BO1204203200_.jpg?resize=344%2C499&#038;ssl=1\" alt=\"\" class=\"wp-image-4242\" style=\"width:228px;height:auto\" srcset=\"https:\/\/i0.wp.com\/paroquiasportosanto.pt\/wp-content\/uploads\/2025\/01\/51diiNfFzjL._SX342_BO1204203200_.jpg?w=344&amp;ssl=1 344w, https:\/\/i0.wp.com\/paroquiasportosanto.pt\/wp-content\/uploads\/2025\/01\/51diiNfFzjL._SX342_BO1204203200_.jpg?resize=207%2C300&amp;ssl=1 207w, https:\/\/i0.wp.com\/paroquiasportosanto.pt\/wp-content\/uploads\/2025\/01\/51diiNfFzjL._SX342_BO1204203200_.jpg?resize=103%2C150&amp;ssl=1 103w, https:\/\/i0.wp.com\/paroquiasportosanto.pt\/wp-content\/uploads\/2025\/01\/51diiNfFzjL._SX342_BO1204203200_.jpg?resize=8%2C12&amp;ssl=1 8w\" sizes=\"auto, (max-width: 344px) 100vw, 344px\" \/><\/a><\/figure>\n<\/div>\n\n\n<p><\/p>\n\n\n\n<hr class=\"wp-block-separator aligncenter has-text-color has-secondary-color has-alpha-channel-opacity has-secondary-background-color has-background is-style-wide\"\/>\n\n\n\n<p><\/p>\n\n\n\n<h5 class=\"wp-block-heading\"><strong>A Entrada na Igreja<\/strong><\/h5>\n\n\n\n<p>N\u00e3o h\u00e1 d\u00favida que o primeiro passo tem uma import\u00e2ncia fundamental. Mas o primeiro passo perde todo o seu sentido se n\u00e3o for acompanhado de uma longa caminhada. O Batismo celebra a entrada na Igreja, na fam\u00edlia dos crist\u00e3os e, por isso mesmo, \u00e9 indispens\u00e1vel que o desejo dos pais que apresentam o seu filho ao baptismo seja sincero, de tal modo que permitam ao seu filho avan\u00e7ar mais longe e, tanto quanto poss\u00edvel, que o acompanhem. Com o aux\u00edlio dos padrinhos e da comunidade crist\u00e3, eles poder\u00e3o palmilhar este caminho admir\u00e1vel que lhes proporcionar\u00e1 o encontro com o Deus vivo e verdadeiro.<\/p>\n\n\n\n<h5 class=\"wp-block-heading\"><strong>Que pedis \u00e0 Igreja para o vosso filho?<\/strong><\/h5>\n\n\n\n<p>A f\u00e9, o batismo, a vida eterna.<br>Batismo quer dizer \u201cmergulho\u201d e por isso n\u00f3s compreendemos facilmente que se trata de um compromisso, de uma iniciativa de Deus que n\u00e3o quer outra coisa sen\u00e3o o bem dos seus filhos. O batismo n\u00e3o \u00e9 um rito m\u00e1gico; as crian\u00e7as n\u00e3o ter\u00e3o mais sorte nem escapar\u00e3o \u00e0s conting\u00eancias da exist\u00eancia humana pelo facto de serem batizadas. O Batismo \u00e9 um sacramento, isto \u00e9, uma iniciativa de Deus, um projecto de Deus, que procura o acolhimento do homem para se realizar plenamente. O batismo \u00e9 como uma semente introduzida no cora\u00e7\u00e3o do homem \u2013 se essa semente nunca for cuidada, como poder\u00e1 nascer uma \u00e1rvore frondosa? Como poder\u00e1 dar frutos?<br>A Igreja, no projecto de Deus para a humanidade, \u00e9 o lugar da escuta e do crescimento na f\u00e9, \u00e9 a reuni\u00e3o dos filhos de Deus que s\u00e3o chamados a celebrar o louvor de Deus na Eucaristia e nos outros sacramentos. Na Igreja aprendemos a escutar o Evangelho e a realiz\u00e1-lo na nossa vida e, por isso mesmo, viver na Igreja \u00e9 a garantia de que essa semente do baptismo dar\u00e1 muito fruto e nos proporcionar\u00e1 a vida eterna, esse dom de Deus marcado com o selo da sua miseric\u00f3rdia e bondade.<\/p>\n\n\n\n<h5 class=\"wp-block-heading\"><strong>Porqu\u00ea batizar o meu filho?<\/strong><\/h5>\n\n\n\n<p>O batismo \u00e9 muitas vezes vivido como uma festa da fam\u00edlia: celebra o nascimento de um beb\u00e9, \u00e9 um acontecimento que re\u00fane as pessoas da fam\u00edlia e os amigos, que muitas vezes proporciona alguns reencontros. O batismo \u00e9 ocasi\u00e3o de dar ao seu filho um padrinho e uma madrinha que ter\u00e3o com ele uma rela\u00e7\u00e3o mais \u00edntima e exprime ainda a vontade dos pais de seguirem a tradi\u00e7\u00e3o familiar de educar o filho, fazendo-o partilhar dos seus valores e dos seus princ\u00edpios morais \u2013 no fundo, querem transmitir-lhe aquilo que receberam.<br>Mas o Batismo traz-nos muito mais. Ele n\u00e3o \u00e9, em primeiro lugar, uma festa da fam\u00edlia, \u00e9 uma celebra\u00e7\u00e3o eclesial que nos faz entrar na comunidade crist\u00e3, na Igreja. Esta celebra\u00e7\u00e3o tem um significado espiritual e evang\u00e9lico duma grande riqueza \u2013 o Batismo une-nos a Cristo, faz-nos participar da sua morte e ressurrei\u00e7\u00e3o e purifica-nos do pecado. D\u00e1-nos o Esp\u00edrito Santo que traz o Amor aos nossos cora\u00e7\u00f5es, torna-nos plenamente filhos de Deus e faz-nos assim entrar na fam\u00edlia de Deus que \u00e9 Pai, Filho e Esp\u00edrito Santo.<\/p>\n\n\n\n<h5 class=\"wp-block-heading\"><strong>N\u00e3o ser\u00e1 melhor esperar que o nosso filho cres\u00e7a para decidir se quer ou n\u00e3o ser batizado?<\/strong><\/h5>\n\n\n\n<p>Alguns pais n\u00e3o batizam os seus filhos para lhes deixar a liberdade de fazer uma escolha quando forem mais velhos. Com efeito, n\u00e3o se pode decidir sem conhecimento de causa. A pr\u00e1tica de batizar os beb\u00e9s remonta \u00e0s origens da Igreja e a sua raz\u00e3o prende-se com o seguinte facto: na rela\u00e7\u00e3o do homem com Deus n\u00e3o \u00e9 o caminho do homem que devemos absolutizar \u2013 \u00e9 Deus que tem a iniciativa. No Batismo, Deus d\u00e1-nos o Seu Esp\u00edrito e adopta-nos como seus filhos, antes mesmo de O conhecermos. Al\u00e9m disso, Jesus disse: \u201cdeixai vir a Mim as criancinhas\u201d (Mt 19, 14) \u2013 a atitude de Jesus em rela\u00e7\u00e3o \u00e0s crian\u00e7as manifesta que Deus ama as crian\u00e7as ainda mesmo antes de estas O conhecerem.<\/p>\n\n\n\n<h5 class=\"wp-block-heading\"><strong>Como preparar e participar no Batismo?<\/strong><\/h5>\n\n\n\n<p>Para preparar o batismo do vosso filho, devem, antes de mais, dirigir-se ao Cart\u00f3rio da Igreja para tratar das quest\u00f5es burocr\u00e1ticas e marcar a data da celebra\u00e7\u00e3o. Depois \u00e9 necess\u00e1rio marcar um encontro dos pais e padrinhos.<br>Com efeito, os pais comprometem-se a dar uma educa\u00e7\u00e3o crist\u00e3 ao seu filho, a transmitir-lhe a luz do Evangelho, e, por conseguinte, a introduzi-lo na vida da comunidade crist\u00e3 e da catequese, quando chegar o tempo oportuno. O Batismo \u00e9, com efeito, o sacramento da f\u00e9, como testemunha a profiss\u00e3o de f\u00e9 que os pais e padrinhos fazem no decorrer da celebra\u00e7\u00e3o. Ao pedirem o Batismo para o seu filho, os pais s\u00e3o convidados a reflectir nas suas motiva\u00e7\u00f5es. N\u00e3o basta dizer: \u201cele depois vai \u00e0 catequese, se quiser\u201d. Os pais e os padrinhos t\u00eam a importante miss\u00e3o de assegurar a transmiss\u00e3o da f\u00e9 ao seu filho e afilhado.<\/p>\n\n\n\n<h5 class=\"wp-block-heading\"><strong>Como deverei escolher os padrinhos do meu filho?<\/strong><\/h5>\n\n\n\n<p>A escolha do padrinho e da madrinha \u00e9, habitualmente, inspirada por motivo de estima ou por la\u00e7os de parentesco ou amizade, independentemente da sua f\u00e9 crist\u00e3. No entanto, esta quest\u00e3o n\u00e3o pode ser vista apenas por crit\u00e9rios humanos, uma vez que o padrinho dever\u00e1 ser o garante da f\u00e9 do seu afilhado e, por isso mesmo, \u00e9 chamado a dar o seu testemunho crist\u00e3o junto daquele. Atendendo \u00e0 sua miss\u00e3o, os padrinhos devem ser baptizados, crismados e ass\u00edduos \u00e0 celebra\u00e7\u00e3o da Eucaristia, devem ser membros da comunidade crist\u00e3 e por isso testemunhas da presen\u00e7a de Jesus no meio dos homens. Para assumir esta miss\u00e3o devem manifestar sinais claros de perten\u00e7a \u00e0 comunidade crist\u00e3 e de comunh\u00e3o com a Igreja (por isso mesmo, se forem casados, dever\u00e3o s\u00ea-lo pela Igreja Cat\u00f3lica), de tal modo que possam ser garantes da f\u00e9 crist\u00e3 junto daquele a quem s\u00e3o chamados a exercer o m\u00fanus de padrinho ou madrinha.<br>Uma pessoa n\u00e3o cat\u00f3lica pode ser testemunha do batismo e assinar como tal no registo de baptismo, garantindo assim a dimens\u00e3o humana da miss\u00e3o do padrinho sem lhe assumir a miss\u00e3o religiosa e eclesial.<\/p>\n\n\n\n<h5 class=\"wp-block-heading\"><strong>O que diz o C\u00f3digo de Direito Can\u00f3nico acerca dos padrinhos de baptismo?<\/strong><\/h5>\n\n\n\n<p><em>C\u00e2none 872<\/em>&nbsp;\u2013 D\u00ea-se, quanto poss\u00edvel, ao baptizando um padrinho, cuja miss\u00e3o \u00e9 assistir na sua inicia\u00e7\u00e3o crist\u00e3, e, conjuntamente com os pais, apresentar ao baptismo a crian\u00e7a a baptizar e esfor\u00e7ar-se por que o batizado viva uma vida crist\u00e3 consent\u00e2nea com o baptismo e cumpra fielmente as obriga\u00e7\u00f5es que lhe s\u00e3o inerentes.<br><em>C\u00e2none 873<\/em>&nbsp;\u2013 Haja um s\u00f3 padrinho ou uma s\u00f3 madrinha, ou ent\u00e3o um padrinho e uma madrinha.<br><em>C\u00e2none 874 \u2013 \u00a71<\/em>. Para algu\u00e9m poder assumir o m\u00fanus de padrinho requer-se que:<\/p>\n\n\n\n<ul class=\"wp-block-list\">\n<li>seja designado pelo pr\u00f3prio baptizando ou pelos seus pais ou por quem faz as vezes destes ou, na falta deles, pelo p\u00e1roco ou ministro, e possua aptid\u00e3o e inten\u00e7\u00e3o de desempenhar este m\u00fanus;<\/li>\n\n\n\n<li>tenha completado dezasseis anos de idade, a n\u00e3o ser que outra idade tenha sido determinada pelo Bispo diocesano, ou ao p\u00e1roco ou ao ministro por justa causa pare\u00e7a dever admitir-se excep\u00e7\u00e3o;<\/li>\n\n\n\n<li>seja cat\u00f3lico, confirmado e j\u00e1 tenha recebido a sant\u00edssima Eucaristia, e leve uma vida consent\u00e2nea com a f\u00e9 e o m\u00fanus que vai desempenhar;<\/li>\n\n\n\n<li>n\u00e3o seja abrangido por nenhuma pena can\u00f3nica legitimamente aplicada ou declarada;<br>n\u00e3o seja o pai ou a m\u00e3e do batizando.<\/li>\n<\/ul>\n\n\n\n<p><em>C\u00e2none 874 \u2013 \u00a72<\/em>. O batizado pertencente a uma comunidade eclesial n\u00e3o cat\u00f3lica s\u00f3 se admita juntamente com um padrinho cat\u00f3lico e apenas como testemunha do baptismo.<\/p>\n\n\n\n<h5 class=\"wp-block-heading\"><strong>Em que consiste a participa\u00e7\u00e3o dos pais e padrinhos na celebra\u00e7\u00e3o do batismo?<\/strong><\/h5>\n\n\n\n<p>No in\u00edcio da celebra\u00e7\u00e3o, a pedido do celebrante, os pais exprimem porque desejam batizar o seu filho e o que significa para eles este sacramento. Os padrinhos comprometem-se na miss\u00e3o de ajudar os pais na forma\u00e7\u00e3o crist\u00e3 da crian\u00e7a e no testemunho de vida e, em seguida, s\u00e3o convidados a tra\u00e7ar o sinal da cruz na fronte da crian\u00e7a, sinal de que a partir de agora aquela crian\u00e7a \u00e9 marcada pela miseric\u00f3rdia de Deus que se manifestou, para n\u00f3s, na morte e ressurrei\u00e7\u00e3o de Jesus Cristo.<br>Por vezes pede-se aos padrinhos e madrinhas para lerem os textos b\u00edblicos e a ora\u00e7\u00e3o dos fieis e, antes do rito do batismo, os pais e padrinhos renunciam ao mal e ao pecado e professam a f\u00e9 em Deus Pai, Filho e Esp\u00edrito Santo. No fim do batismo, assinam os assentos que s\u00e3o o registo deste acto p\u00fablico e inaugural na vida da crian\u00e7a.<\/p>\n\n\n\n<h5 class=\"wp-block-heading\"><strong>Como decorre a celebra\u00e7\u00e3o do Batismo?<\/strong><\/h5>\n\n\n\n<ul class=\"wp-block-list\">\n<li><strong>Acolhimento<\/strong>&nbsp;\u2013 a celebra\u00e7\u00e3o come\u00e7a com o acolhimento do celebrante aos pais e padrinhos, atrav\u00e9s de um di\u00e1logo com eles sobre o nome escolhido para a crian\u00e7a e sobre a vontade de baptizar o seu filho. Depois, todos eles fazem o sinal da cruz na fronte da crian\u00e7a.<\/li>\n\n\n\n<li><strong>Liturgia da Palavra<\/strong>&nbsp;\u2013 em primeiro lugar, proclama-se a Palavra de Deus para avivar a f\u00e9 nos pais, padrinhos e demais familiares. Ap\u00f3s a homilia do celebrante, que explica o sentido e a import\u00e2ncia do Batismo, dirigimos a Deus as nossas preces pela crian\u00e7a que vai ser batizada e pelas necessidades de toda a humanidade.<\/li>\n\n\n\n<li><strong>Celebra\u00e7\u00e3o do Sacramento<\/strong>&nbsp;\u2013 em primeiro lugar, com as Ladainhas, pedimos a intercess\u00e3o da Virgem Maria e dos Santos para aquela crian\u00e7a e terminamos com uma ora\u00e7\u00e3o que pede a Deus que afaste a crian\u00e7a do mal e do pecado. Depois, os pais e os padrinhos renunciam ao mal e professam a f\u00e9 comprometendo-se a educar a crian\u00e7a na vida crist\u00e3. E eis que chegamos ao momento central: o celebrante aben\u00e7oa a \u00e1gua e derrama-a na cabe\u00e7a da crian\u00e7a (ou mergulha-a na piscina baptismal), significando assim o seu nascimento para a nova vida, a vida de Cristo ressuscitado. A seguir, unge a crian\u00e7a com o santo crisma, o \u00f3leo perfumado e consagrado pelo Bispo que significa como a vida nova de Jesus Cristo a deve impregnar totalmente, para que viva sempre como Ele viveu. E, finalmente, dois gestos simb\u00f3licos da vida nova que se inicia com o batismo: a crian\u00e7a \u00e9 revestida com uma veste branca, e os seus pais e padrinhos acendem uma vela no c\u00edrio pascal que representa a luz de Cristo ressuscitado.<\/li>\n\n\n\n<li><strong>Conclus\u00e3o<\/strong>&nbsp;\u2013 conclu\u00eddos os ritos baptismais, todos juntos recitam o Pai Nosso, a ora\u00e7\u00e3o que nos identifica como crist\u00e3os, onde nos reconhecemos como filhos de Deus ao chamar-lhe Pai. A celebra\u00e7\u00e3o termina com a b\u00ean\u00e7\u00e3o da m\u00e3e, que leva o seu filho ao colo, do pai e de todos os presentes.<\/li>\n<\/ul>\n\n\n\n<h5 class=\"wp-block-heading\"><strong>Para batizar uma crian\u00e7a \u00e9 necess\u00e1rio:<\/strong><\/h5>\n\n\n\n<ul class=\"wp-block-list\">\n<li>O pedido ou a autoriza\u00e7\u00e3o dos pais (ou de quem tenha autoridade parental).<\/li>\n\n\n\n<li>A garantia de que quem pede o batismo se prop\u00f5e proporcionar \u00e0 crian\u00e7a adequada educa\u00e7\u00e3o crist\u00e3.<\/li>\n\n\n\n<li>Os beb\u00e9s devem ser batizados na Par\u00f3quia da resid\u00eancia dos Pais, para que todos os que nele participarem, de modo particular os seus familiares e amigos, tomem consci\u00eancia da sua liga\u00e7\u00e3o \u00e0 fam\u00edlia dos filhos de Deus (c\u00e2n. 857, \u00a71).<\/li>\n\n\n\n<li>Se houver \u201cuma causa justa\u201d \u2013 a dist\u00e2ncia, um inconveniente grave, uma raz\u00e3o pastoral \u2013 (c\u00e2n. 857, \u00a72), os pais podem solicitar, na par\u00f3quia onde residem, a transfer\u00eancia de Batismo.<\/li>\n\n\n\n<li>A crian\u00e7a ter at\u00e9 seis anos de idade (se j\u00e1 estiver na idade escolar e da catequese, ent\u00e3o dever\u00e1 fazer a prepara\u00e7\u00e3o para o Batismo recebendo ent\u00e3o os tr\u00eas Sacramentos da inicia\u00e7\u00e3o crist\u00e3, geralmente na Vig\u00edlia Pascal).<\/li>\n<\/ul>\n\n\n\n<h5 class=\"wp-block-heading\"><strong>Sobre os padrinhos:<\/strong><\/h5>\n\n\n\n<ul class=\"wp-block-list\">\n<li>Os padrinhos s\u00e3o respons\u00e1veis, perante a Igreja, pela garantia da educa\u00e7\u00e3o crist\u00e3 do novo batizado. Importa que a sua escolha n\u00e3o se baseie apenas na rela\u00e7\u00e3o afetiva com os pais e a crian\u00e7a; principalmente deve ser ponderada a sua idoneidade como crist\u00e3os.<\/li>\n\n\n\n<li>Cada crian\u00e7a pode ter um padrinho, uma madrinha ou um padrinho e uma madrinha (C\u00e2n. 873)<\/li>\n\n\n\n<li>Os padrinhos devem ter a inicia\u00e7\u00e3o crist\u00e3 completa, isto \u00e9, o Batismo, a 1\u00aa Comunh\u00e3o e o Crisma (C\u00e2n 874) e idade igual ou superior a 16 anos.<\/li>\n\n\n\n<li>Os padrinhos devem ter pr\u00e1tica crist\u00e3 (C\u00e2n 874). Se casados, \u00e9 necess\u00e1rio que o sejam catolicamente; se solteiros ou vi\u00favos, \u00e9 necess\u00e1rio que vivam como tal (C\u00e2n 874 \u00a7 3\u00ba).<\/li>\n\n\n\n<li>N\u00e3o podem assumir a miss\u00e3o de padrinho pessoas casadas apenas civilmente, a viver em \u201cuni\u00e3o de facto\u201d ou em \u201csegundo casamento\u201d tendo um casamento cat\u00f3lico v\u00e1lido anterior.<\/li>\n<\/ul>\n\n\n\n<h5 class=\"wp-block-heading\"><strong>Quest\u00f5es pr\u00e1ticas:<\/strong><\/h5>\n\n\n\n<ul class=\"wp-block-list\">\n<li>A inscri\u00e7\u00e3o para o Batismo dever\u00e1 ser feita no Cart\u00f3rio Paroquial com alguma anteced\u00eancia.<\/li>\n\n\n\n<li>A celebra\u00e7\u00e3o do Batismo poder\u00e1 ser presidida por qualquer dos ministros ordenados ao servi\u00e7o da Par\u00f3quia (di\u00e1cono ou sacerdote). Outros ministros ordenados poder\u00e3o igualmente ser escolhidos com autoriza\u00e7\u00e3o pr\u00e9via do p\u00e1roco.<\/li>\n\n\n\n<li>Documentos necess\u00e1rios para iniciar o processo:<br>Fotoc\u00f3pia simples do Registo de Nascimento da crian\u00e7a ou do Bilhete de Identidade.<br>Fotoc\u00f3pia simples do Bilhete de Identidade dos pais e padrinhos.<br>Documento de transfer\u00eancia de Batismo no caso de os pais n\u00e3o residirem na \u00e1rea geogr\u00e1fica da par\u00f3quia.<\/li>\n<\/ul>\n\n\n\n<p>*Todas as situa\u00e7\u00f5es podem ser ponderadas no di\u00e1logo com o P\u00e1roco, que exercer\u00e1 o necess\u00e1rio discernimento pastoral, tendo em conta o maior bem da crian\u00e7a, da fam\u00edlia e da Igreja.<\/p>\n\n\n\n<p><\/p>\n\n\n\n<hr class=\"wp-block-separator aligncenter has-text-color has-secondary-color has-alpha-channel-opacity has-secondary-background-color has-background is-style-wide\"\/>\n\n\n\n<p><\/p>\n\n\n<div class=\"wp-block-image\">\n<figure class=\"aligncenter size-large is-resized\"><a href=\"https:\/\/drive.google.com\/file\/d\/15HsdhmJw8YDPK9HZgb1BL1h19ltjky-z\/view?usp=share_link\" target=\"_blank\" rel=\" noreferrer noopener\"><img data-recalc-dims=\"1\" loading=\"lazy\" decoding=\"async\" width=\"750\" height=\"568\" src=\"https:\/\/i0.wp.com\/paroquiasportosanto.pt\/wp-content\/uploads\/2025\/01\/Banner-Sacramentos-2-3.png?resize=750%2C568&#038;ssl=1\" alt=\"\" class=\"wp-image-4243\" style=\"width:568px;height:auto\" srcset=\"https:\/\/i0.wp.com\/paroquiasportosanto.pt\/wp-content\/uploads\/2025\/01\/Banner-Sacramentos-2-3.png?resize=1024%2C776&amp;ssl=1 1024w, https:\/\/i0.wp.com\/paroquiasportosanto.pt\/wp-content\/uploads\/2025\/01\/Banner-Sacramentos-2-3.png?resize=300%2C227&amp;ssl=1 300w, https:\/\/i0.wp.com\/paroquiasportosanto.pt\/wp-content\/uploads\/2025\/01\/Banner-Sacramentos-2-3.png?resize=150%2C114&amp;ssl=1 150w, https:\/\/i0.wp.com\/paroquiasportosanto.pt\/wp-content\/uploads\/2025\/01\/Banner-Sacramentos-2-3.png?resize=768%2C582&amp;ssl=1 768w, https:\/\/i0.wp.com\/paroquiasportosanto.pt\/wp-content\/uploads\/2025\/01\/Banner-Sacramentos-2-3.png?resize=1536%2C1164&amp;ssl=1 1536w, https:\/\/i0.wp.com\/paroquiasportosanto.pt\/wp-content\/uploads\/2025\/01\/Banner-Sacramentos-2-3.png?resize=16%2C12&amp;ssl=1 16w, https:\/\/i0.wp.com\/paroquiasportosanto.pt\/wp-content\/uploads\/2025\/01\/Banner-Sacramentos-2-3.png?w=1949&amp;ssl=1 1949w\" sizes=\"auto, (max-width: 750px) 100vw, 750px\" \/><\/a><\/figure>\n<\/div>\n\n\n<p><\/p>\n\n\n\n<p class=\"has-text-align-center\">Obtenha&nbsp;<a href=\"https:\/\/drive.google.com\/file\/d\/15HsdhmJw8YDPK9HZgb1BL1h19ltjky-z\/view?usp=share_link\" data-type=\"link\" data-id=\"https:\/\/drive.google.com\/file\/d\/15HsdhmJw8YDPK9HZgb1BL1h19ltjky-z\/view?usp=share_link\">aqui<\/a>&nbsp;o impresso necess\u00e1rio.<\/p>\n","protected":false},"excerpt":{"rendered":"<p>Quando uma crian\u00e7a vem ao mundo, os seus pais experimentam uma grande alegria. A crian\u00e7a \u00e9 amada desde a sua concep\u00e7\u00e3o e, normalmente, a partir do an\u00fancio da gravidez, tudo \u00e9 preparado para que a vida deste novo ser seja bela e fecunda. O seu lugar no seio da fam\u00edlia [&hellip;]<\/p>\n","protected":false},"author":1,"featured_media":4247,"parent":0,"menu_order":0,"comment_status":"closed","ping_status":"closed","template":"","meta":{"_themeisle_gutenberg_block_has_review":false,"footnotes":""},"class_list":["post-409","page","type-page","status-publish","has-post-thumbnail","hentry"],"_links":{"self":[{"href":"https:\/\/paroquiasportosanto.pt\/index.php?rest_route=\/wp\/v2\/pages\/409","targetHints":{"allow":["GET"]}}],"collection":[{"href":"https:\/\/paroquiasportosanto.pt\/index.php?rest_route=\/wp\/v2\/pages"}],"about":[{"href":"https:\/\/paroquiasportosanto.pt\/index.php?rest_route=\/wp\/v2\/types\/page"}],"author":[{"embeddable":true,"href":"https:\/\/paroquiasportosanto.pt\/index.php?rest_route=\/wp\/v2\/users\/1"}],"replies":[{"embeddable":true,"href":"https:\/\/paroquiasportosanto.pt\/index.php?rest_route=%2Fwp%2Fv2%2Fcomments&post=409"}],"version-history":[{"count":0,"href":"https:\/\/paroquiasportosanto.pt\/index.php?rest_route=\/wp\/v2\/pages\/409\/revisions"}],"wp:featuredmedia":[{"embeddable":true,"href":"https:\/\/paroquiasportosanto.pt\/index.php?rest_route=\/wp\/v2\/media\/4247"}],"wp:attachment":[{"href":"https:\/\/paroquiasportosanto.pt\/index.php?rest_route=%2Fwp%2Fv2%2Fmedia&parent=409"}],"curies":[{"name":"wp","href":"https:\/\/api.w.org\/{rel}","templated":true}]}}