{"id":3835,"date":"2024-11-15T15:38:14","date_gmt":"2024-11-15T15:38:14","guid":{"rendered":"https:\/\/paroquiasportosanto.pt\/?page_id=3835"},"modified":"2024-11-15T15:39:52","modified_gmt":"2024-11-15T15:39:52","slug":"equipa-pastoral","status":"publish","type":"page","link":"https:\/\/paroquiasportosanto.pt\/?page_id=3835","title":{"rendered":"Equipa Pastoral"},"content":{"rendered":"\n<p class=\"has-text-align-center has-secondary-color has-text-color has-link-color has-x-large-font-size wp-elements-c26e17ad72cf18210b4ceb60bd5da9df\"><strong>P\u00c1ROCO<\/strong><\/p>\n\n\n\n<figure class=\"wp-block-image size-full is-style-rounded\"><img data-recalc-dims=\"1\" decoding=\"async\" src=\"https:\/\/i0.wp.com\/paroquiasportosanto.pt\/wp-content\/uploads\/2024\/11\/tempImageCu7HeC.heic?w=750&#038;ssl=1\" alt=\"\" class=\"wp-image-3836\" style=\"aspect-ratio:3\/4;object-fit:cover\"\/><\/figure>\n\n\n\n<p class=\"has-text-align-center has-header-gradient-color has-text-color has-link-color has-large-font-size wp-elements-e85a4717adf285b6feacf8b3f2fc885f\"><strong>PADRE H\u00c9LDER REINALDO ABREU GON\u00c7ALVES<\/strong><\/p>\n\n\n\n<p class=\"has-text-align-center has-medium-font-size\"><strong>Data de nascimento: <\/strong>10-10-1978 | <strong>Data de Ordena\u00e7\u00e3o Sacerdotal: <\/strong> 30-07-2005<\/p>\n\n\n\n<p class=\"has-text-align-center has-secondary-color has-text-color has-link-color has-large-font-size wp-elements-d12c904372e72643dc9e120321bb5b6e\"><strong>COLABORADOR<\/strong><\/p>\n\n\n\n<figure class=\"wp-block-image size-full is-style-rounded\"><img data-recalc-dims=\"1\" decoding=\"async\" src=\"https:\/\/i0.wp.com\/paroquiasportosanto.pt\/wp-content\/uploads\/2024\/11\/tempImagebsuvtS.heic?w=750&#038;ssl=1\" alt=\"\" class=\"wp-image-3837\" style=\"aspect-ratio:3\/4;object-fit:cover\"\/><\/figure>\n\n\n\n<p class=\"has-text-align-center has-header-gradient-color has-text-color has-link-color has-large-font-size wp-elements-d6243e7ba5eafeb3f4b5db04c281eb92\"><strong>DI\u00c1CONO JOS\u00c9 ALD\u00d3NIO DE MELIM<\/strong><\/p>\n\n\n\n<p class=\"has-text-align-center has-medium-font-size\"><strong>Data de nascimento: <\/strong>16-09-1956 | <strong>Data de Ordena\u00e7\u00e3o Diaconal: <\/strong> 15-10-2023 <br><\/p>\n","protected":false},"excerpt":{"rendered":"<p>P\u00c1ROCO PADRE H\u00c9LDER REINALDO ABREU GON\u00c7ALVES Data de nascimento: 10-10-1978 | Data de Ordena\u00e7\u00e3o Sacerdotal: 30-07-2005 COLABORADOR DI\u00c1CONO JOS\u00c9 ALD\u00d3NIO DE MELIM Data de nascimento: 16-09-1956 | Data de Ordena\u00e7\u00e3o Diaconal: 15-10-2023<\/p>\n","protected":false},"author":1,"featured_media":0,"parent":0,"menu_order":0,"comment_status":"closed","ping_status":"closed","template":"","meta":{"_themeisle_gutenberg_block_has_review":false,"footnotes":""},"class_list":["post-3835","page","type-page","status-publish","hentry"],"_links":{"self":[{"href":"https:\/\/paroquiasportosanto.pt\/index.php?rest_route=\/wp\/v2\/pages\/3835","targetHints":{"allow":["GET"]}}],"collection":[{"href":"https:\/\/paroquiasportosanto.pt\/index.php?rest_route=\/wp\/v2\/pages"}],"about":[{"href":"https:\/\/paroquiasportosanto.pt\/index.php?rest_route=\/wp\/v2\/types\/page"}],"author":[{"embeddable":true,"href":"https:\/\/paroquiasportosanto.pt\/index.php?rest_route=\/wp\/v2\/users\/1"}],"replies":[{"embeddable":true,"href":"https:\/\/paroquiasportosanto.pt\/index.php?rest_route=%2Fwp%2Fv2%2Fcomments&post=3835"}],"version-history":[{"count":0,"href":"https:\/\/paroquiasportosanto.pt\/index.php?rest_route=\/wp\/v2\/pages\/3835\/revisions"}],"wp:attachment":[{"href":"https:\/\/paroquiasportosanto.pt\/index.php?rest_route=%2Fwp%2Fv2%2Fmedia&parent=3835"}],"curies":[{"name":"wp","href":"https:\/\/api.w.org\/{rel}","templated":true}]}}