{"id":3372,"date":"2024-07-02T20:25:30","date_gmt":"2024-07-02T20:25:30","guid":{"rendered":"https:\/\/paroquiasportosanto.pt\/?page_id=3372"},"modified":"2025-02-24T18:28:48","modified_gmt":"2025-02-24T18:28:48","slug":"centenario-da-ordenacao-episcopal-de-d-estevao-de-alencastre-bispo-do-hawai","status":"publish","type":"page","link":"https:\/\/paroquiasportosanto.pt\/?page_id=3372","title":{"rendered":"Centen\u00e1rio da Ordena\u00e7\u00e3o Episcopal de D. Est\u00eav\u00e3o de Alencastre &#8211; Bispo do Hawai"},"content":{"rendered":"<div class=\"wp-block-image\">\n<figure class=\"aligncenter size-large\"><img data-recalc-dims=\"1\" loading=\"lazy\" decoding=\"async\" width=\"750\" height=\"750\" src=\"https:\/\/i0.wp.com\/paroquiasportosanto.pt\/wp-content\/uploads\/2024\/07\/Bispo-do-Hawai-copia-3-2.png?resize=750%2C750&#038;ssl=1\" alt=\"\" class=\"wp-image-3366\" srcset=\"https:\/\/i0.wp.com\/paroquiasportosanto.pt\/wp-content\/uploads\/2024\/07\/Bispo-do-Hawai-copia-3-2.png?resize=1024%2C1024&amp;ssl=1 1024w, https:\/\/i0.wp.com\/paroquiasportosanto.pt\/wp-content\/uploads\/2024\/07\/Bispo-do-Hawai-copia-3-2.png?resize=300%2C300&amp;ssl=1 300w, https:\/\/i0.wp.com\/paroquiasportosanto.pt\/wp-content\/uploads\/2024\/07\/Bispo-do-Hawai-copia-3-2.png?resize=150%2C150&amp;ssl=1 150w, https:\/\/i0.wp.com\/paroquiasportosanto.pt\/wp-content\/uploads\/2024\/07\/Bispo-do-Hawai-copia-3-2.png?resize=768%2C768&amp;ssl=1 768w, https:\/\/i0.wp.com\/paroquiasportosanto.pt\/wp-content\/uploads\/2024\/07\/Bispo-do-Hawai-copia-3-2.png?resize=12%2C12&amp;ssl=1 12w, https:\/\/i0.wp.com\/paroquiasportosanto.pt\/wp-content\/uploads\/2024\/07\/Bispo-do-Hawai-copia-3-2.png?w=1080&amp;ssl=1 1080w\" sizes=\"auto, (max-width: 750px) 100vw, 750px\" \/><\/figure>\n<\/div>\n\n\n<p><\/p>\n\n\n\n<hr class=\"wp-block-separator aligncenter has-text-color has-accent-color has-alpha-channel-opacity has-accent-background-color has-background\"\/>\n\n\n\n<p><\/p>\n\n\n\n<p class=\"has-text-align-center\"><strong>Galeria de registos fotogr\u00e1ficos da Comemora\u00e7\u00e3o do Centen\u00e1rio da Ordena\u00e7\u00e3o Episcopal de D. Est\u00eav\u00e3o de Alencastre, Bispo do Hawai. <\/strong><\/p>\n\n\n\n<figure class=\"wp-block-gallery has-nested-images columns-default is-cropped wp-block-gallery-1 is-layout-flex wp-block-gallery-is-layout-flex\">\n<figure class=\"wp-block-image size-large is-style-default\"><img data-recalc-dims=\"1\" loading=\"lazy\" decoding=\"async\" width=\"750\" height=\"1000\" data-id=\"4430\" src=\"https:\/\/i0.wp.com\/paroquiasportosanto.pt\/wp-content\/uploads\/2025\/02\/IMG_0510-scaled.jpeg?resize=750%2C1000&#038;ssl=1\" alt=\"\" class=\"wp-image-4430\"\/><figcaption class=\"wp-element-caption\"><strong>Dia do Anivers\u00e1rio &#8211; 24.08.2024<\/strong><\/figcaption><\/figure>\n\n\n\n<figure class=\"wp-block-image size-large\"><img data-recalc-dims=\"1\" loading=\"lazy\" decoding=\"async\" width=\"750\" height=\"831\" data-id=\"4428\" src=\"https:\/\/i0.wp.com\/paroquiasportosanto.pt\/wp-content\/uploads\/2025\/02\/IMG_0509jpeg.jpeg?resize=750%2C831&#038;ssl=1\" alt=\"\" class=\"wp-image-4428\" srcset=\"https:\/\/i0.wp.com\/paroquiasportosanto.pt\/wp-content\/uploads\/2025\/02\/IMG_0509jpeg-scaled.jpeg?resize=924%2C1024&amp;ssl=1 924w, https:\/\/i0.wp.com\/paroquiasportosanto.pt\/wp-content\/uploads\/2025\/02\/IMG_0509jpeg-scaled.jpeg?resize=271%2C300&amp;ssl=1 271w, https:\/\/i0.wp.com\/paroquiasportosanto.pt\/wp-content\/uploads\/2025\/02\/IMG_0509jpeg-scaled.jpeg?resize=135%2C150&amp;ssl=1 135w, https:\/\/i0.wp.com\/paroquiasportosanto.pt\/wp-content\/uploads\/2025\/02\/IMG_0509jpeg-scaled.jpeg?w=1500&amp;ssl=1 1500w, https:\/\/i0.wp.com\/paroquiasportosanto.pt\/wp-content\/uploads\/2025\/02\/IMG_0509jpeg-scaled.jpeg?w=2250&amp;ssl=1 2250w\" sizes=\"auto, (max-width: 750px) 100vw, 750px\" \/><figcaption class=\"wp-element-caption\"><strong>Dia do Anivers\u00e1rio &#8211; 24.08.2024<\/strong><\/figcaption><\/figure>\n\n\n\n<figure class=\"wp-block-image size-large\"><img data-recalc-dims=\"1\" decoding=\"async\" data-id=\"4427\" src=\"https:\/\/i0.wp.com\/paroquiasportosanto.pt\/wp-content\/uploads\/2025\/02\/IMG_0511.jpeg?w=750&#038;ssl=1\" alt=\"\" class=\"wp-image-4427\"\/><figcaption class=\"wp-element-caption\">Celebra\u00e7\u00e3o na S\u00e9 do Funchal 04.11.2024<\/figcaption><\/figure>\n\n\n<div class=\"wp-block-image\">\n<figure class=\"aligncenter size-large\"><img data-recalc-dims=\"1\" loading=\"lazy\" decoding=\"async\" width=\"750\" height=\"516\" data-id=\"4421\" src=\"https:\/\/i0.wp.com\/paroquiasportosanto.pt\/wp-content\/uploads\/2025\/02\/IMG_0512.webp?resize=750%2C516&#038;ssl=1\" alt=\"\" class=\"wp-image-4421\" srcset=\"https:\/\/i0.wp.com\/paroquiasportosanto.pt\/wp-content\/uploads\/2025\/02\/IMG_0512.webp?resize=1024%2C704&amp;ssl=1 1024w, https:\/\/i0.wp.com\/paroquiasportosanto.pt\/wp-content\/uploads\/2025\/02\/IMG_0512.webp?resize=300%2C206&amp;ssl=1 300w, https:\/\/i0.wp.com\/paroquiasportosanto.pt\/wp-content\/uploads\/2025\/02\/IMG_0512.webp?resize=150%2C103&amp;ssl=1 150w, https:\/\/i0.wp.com\/paroquiasportosanto.pt\/wp-content\/uploads\/2025\/02\/IMG_0512.webp?resize=768%2C528&amp;ssl=1 768w, https:\/\/i0.wp.com\/paroquiasportosanto.pt\/wp-content\/uploads\/2025\/02\/IMG_0512.webp?resize=18%2C12&amp;ssl=1 18w, https:\/\/i0.wp.com\/paroquiasportosanto.pt\/wp-content\/uploads\/2025\/02\/IMG_0512.webp?w=1536&amp;ssl=1 1536w\" sizes=\"auto, (max-width: 750px) 100vw, 750px\" \/><figcaption class=\"wp-element-caption\">Celebra\u00e7\u00e3o na S\u00e9 do Funchal 04.11.2024<\/figcaption><\/figure>\n<\/div>\n\n<div class=\"wp-block-image\">\n<figure class=\"aligncenter size-large\"><img data-recalc-dims=\"1\" loading=\"lazy\" decoding=\"async\" width=\"750\" height=\"527\" data-id=\"4422\" src=\"https:\/\/i0.wp.com\/paroquiasportosanto.pt\/wp-content\/uploads\/2025\/02\/IMG_0513.webp?resize=750%2C527&#038;ssl=1\" alt=\"\" class=\"wp-image-4422\" srcset=\"https:\/\/i0.wp.com\/paroquiasportosanto.pt\/wp-content\/uploads\/2025\/02\/IMG_0513.webp?resize=1024%2C719&amp;ssl=1 1024w, https:\/\/i0.wp.com\/paroquiasportosanto.pt\/wp-content\/uploads\/2025\/02\/IMG_0513.webp?resize=300%2C211&amp;ssl=1 300w, https:\/\/i0.wp.com\/paroquiasportosanto.pt\/wp-content\/uploads\/2025\/02\/IMG_0513.webp?resize=150%2C105&amp;ssl=1 150w, https:\/\/i0.wp.com\/paroquiasportosanto.pt\/wp-content\/uploads\/2025\/02\/IMG_0513.webp?resize=768%2C540&amp;ssl=1 768w, https:\/\/i0.wp.com\/paroquiasportosanto.pt\/wp-content\/uploads\/2025\/02\/IMG_0513.webp?resize=18%2C12&amp;ssl=1 18w, https:\/\/i0.wp.com\/paroquiasportosanto.pt\/wp-content\/uploads\/2025\/02\/IMG_0513.webp?w=1536&amp;ssl=1 1536w\" sizes=\"auto, (max-width: 750px) 100vw, 750px\" \/><figcaption class=\"wp-element-caption\">Celebra\u00e7\u00e3o na S\u00e9 do Funchal 04.11.2024<\/figcaption><\/figure>\n<\/div>\n\n<div class=\"wp-block-image\">\n<figure class=\"aligncenter size-large\"><img data-recalc-dims=\"1\" decoding=\"async\" data-id=\"4426\" src=\"https:\/\/i0.wp.com\/paroquiasportosanto.pt\/wp-content\/uploads\/2025\/02\/IMG_0514.jpeg?w=750&#038;ssl=1\" alt=\"\" class=\"wp-image-4426\"\/><figcaption class=\"wp-element-caption\">Celebra\u00e7\u00e3o na S\u00e9 do Funchal 04.11.2024<\/figcaption><\/figure>\n<\/div>\n\n\n<figure class=\"wp-block-image size-large\"><img data-recalc-dims=\"1\" loading=\"lazy\" decoding=\"async\" width=\"750\" height=\"428\" data-id=\"4423\" src=\"https:\/\/i0.wp.com\/paroquiasportosanto.pt\/wp-content\/uploads\/2025\/02\/IMG_0660-scaled.jpeg?resize=750%2C428&#038;ssl=1\" alt=\"\" class=\"wp-image-4423\" srcset=\"https:\/\/i0.wp.com\/paroquiasportosanto.pt\/wp-content\/uploads\/2025\/02\/IMG_0660-scaled.jpeg?w=2560&amp;ssl=1 2560w, https:\/\/i0.wp.com\/paroquiasportosanto.pt\/wp-content\/uploads\/2025\/02\/IMG_0660-scaled.jpeg?resize=300%2C171&amp;ssl=1 300w, https:\/\/i0.wp.com\/paroquiasportosanto.pt\/wp-content\/uploads\/2025\/02\/IMG_0660-scaled.jpeg?w=1500&amp;ssl=1 1500w, https:\/\/i0.wp.com\/paroquiasportosanto.pt\/wp-content\/uploads\/2025\/02\/IMG_0660-scaled.jpeg?w=2250&amp;ssl=1 2250w\" sizes=\"auto, (max-width: 750px) 100vw, 750px\" \/><figcaption class=\"wp-element-caption\">Apresenta\u00e7\u00e3o do Clube de Teatro na Escola das Irm\u00e3s &#8211; 13.11.2024<\/figcaption><\/figure>\n\n\n\n<figure class=\"wp-block-image size-large\"><img data-recalc-dims=\"1\" loading=\"lazy\" decoding=\"async\" width=\"750\" height=\"904\" data-id=\"4429\" src=\"https:\/\/i0.wp.com\/paroquiasportosanto.pt\/wp-content\/uploads\/2025\/02\/IMG_0661-scaled.jpeg?resize=750%2C904&#038;ssl=1\" alt=\"\" class=\"wp-image-4429\" srcset=\"https:\/\/i0.wp.com\/paroquiasportosanto.pt\/wp-content\/uploads\/2025\/02\/IMG_0661-scaled.jpeg?w=2123&amp;ssl=1 2123w, https:\/\/i0.wp.com\/paroquiasportosanto.pt\/wp-content\/uploads\/2025\/02\/IMG_0661-scaled.jpeg?resize=249%2C300&amp;ssl=1 249w, https:\/\/i0.wp.com\/paroquiasportosanto.pt\/wp-content\/uploads\/2025\/02\/IMG_0661-scaled.jpeg?w=1500&amp;ssl=1 1500w\" sizes=\"auto, (max-width: 750px) 100vw, 750px\" \/><figcaption class=\"wp-element-caption\">Apresenta\u00e7\u00e3o do Clube de Teatro na Escola das Irm\u00e3s &#8211; 13.11.2024<\/figcaption><\/figure>\n\n\n\n<figure class=\"wp-block-image size-large\"><img data-recalc-dims=\"1\" loading=\"lazy\" decoding=\"async\" width=\"750\" height=\"828\" data-id=\"4424\" src=\"https:\/\/i0.wp.com\/paroquiasportosanto.pt\/wp-content\/uploads\/2025\/02\/IMG_0662.jpeg?resize=750%2C828&#038;ssl=1\" alt=\"\" class=\"wp-image-4424\" srcset=\"https:\/\/i0.wp.com\/paroquiasportosanto.pt\/wp-content\/uploads\/2025\/02\/IMG_0662-scaled.jpeg?resize=928%2C1024&amp;ssl=1 928w, https:\/\/i0.wp.com\/paroquiasportosanto.pt\/wp-content\/uploads\/2025\/02\/IMG_0662-scaled.jpeg?resize=272%2C300&amp;ssl=1 272w, https:\/\/i0.wp.com\/paroquiasportosanto.pt\/wp-content\/uploads\/2025\/02\/IMG_0662-scaled.jpeg?resize=136%2C150&amp;ssl=1 136w, https:\/\/i0.wp.com\/paroquiasportosanto.pt\/wp-content\/uploads\/2025\/02\/IMG_0662-scaled.jpeg?w=1500&amp;ssl=1 1500w, https:\/\/i0.wp.com\/paroquiasportosanto.pt\/wp-content\/uploads\/2025\/02\/IMG_0662-scaled.jpeg?w=2250&amp;ssl=1 2250w\" sizes=\"auto, (max-width: 750px) 100vw, 750px\" \/><figcaption class=\"wp-element-caption\">Apresenta\u00e7\u00e3o do Clube de Teatro na Escola das Irm\u00e3s &#8211; 13.11.2024<\/figcaption><\/figure>\n\n\n\n<figure class=\"wp-block-image size-large\"><img data-recalc-dims=\"1\" decoding=\"async\" data-id=\"4425\" src=\"https:\/\/i0.wp.com\/paroquiasportosanto.pt\/wp-content\/uploads\/2025\/02\/IMG_2840.jpeg?w=750&#038;ssl=1\" alt=\"\" class=\"wp-image-4425\"\/><figcaption class=\"wp-element-caption\">Apresenta\u00e7\u00e3o do Clube de Teatro na Igreja da Piedade &#8211; 22.02.2025<\/figcaption><\/figure>\n\n\n\n<figure class=\"wp-block-image size-large\"><img data-recalc-dims=\"1\" decoding=\"async\" data-id=\"4432\" src=\"https:\/\/i0.wp.com\/paroquiasportosanto.pt\/wp-content\/uploads\/2025\/02\/IMG_2841.jpeg?w=750&#038;ssl=1\" alt=\"\" class=\"wp-image-4432\"\/><figcaption class=\"wp-element-caption\">Apresenta\u00e7\u00e3o do Clube de Teatro na Igreja da Piedade &#8211; 22.02.2025<\/figcaption><\/figure>\n\n\n\n<figure class=\"wp-block-image size-large\"><img data-recalc-dims=\"1\" decoding=\"async\" data-id=\"4431\" src=\"https:\/\/i0.wp.com\/paroquiasportosanto.pt\/wp-content\/uploads\/2025\/02\/IMG_2842.jpeg?w=750&#038;ssl=1\" alt=\"\" class=\"wp-image-4431\"\/><figcaption class=\"wp-element-caption\">Apresenta\u00e7\u00e3o do Clube de Teatro na Igreja da Piedade &#8211; 22.02.2025<\/figcaption><\/figure>\n\n\n\n<figure class=\"wp-block-image size-large\"><img data-recalc-dims=\"1\" decoding=\"async\" data-id=\"4433\" src=\"https:\/\/i0.wp.com\/paroquiasportosanto.pt\/wp-content\/uploads\/2025\/02\/IMG_2843.jpeg?w=750&#038;ssl=1\" alt=\"\" class=\"wp-image-4433\"\/><figcaption class=\"wp-element-caption\">Confer\u00eancia da Dra. Susana Caldeira 22.02.2025<\/figcaption><\/figure>\n\n\n\n<figure class=\"wp-block-image size-large\"><img data-recalc-dims=\"1\" decoding=\"async\" data-id=\"4434\" src=\"https:\/\/i0.wp.com\/paroquiasportosanto.pt\/wp-content\/uploads\/2025\/02\/IMG_2844.jpeg?w=750&#038;ssl=1\" alt=\"\" class=\"wp-image-4434\"\/><figcaption class=\"wp-element-caption\">Confer\u00eancia da Dra. Susana Caldeira 22.02.2025<\/figcaption><\/figure>\n\n\n\n<figure class=\"wp-block-image size-large\"><img data-recalc-dims=\"1\" decoding=\"async\" data-id=\"4435\" src=\"https:\/\/i0.wp.com\/paroquiasportosanto.pt\/wp-content\/uploads\/2025\/02\/IMG_2845.jpeg?w=750&#038;ssl=1\" alt=\"\" class=\"wp-image-4435\"\/><figcaption class=\"wp-element-caption\">Confer\u00eancia da Dra. Susana Caldeira 22.02.2025<\/figcaption><\/figure>\n\n\n\n<figure class=\"wp-block-image size-large\"><img data-recalc-dims=\"1\" loading=\"lazy\" decoding=\"async\" width=\"750\" height=\"563\" data-id=\"4436\" src=\"https:\/\/i0.wp.com\/paroquiasportosanto.pt\/wp-content\/uploads\/2025\/02\/IMG_2846.jpeg?resize=750%2C563&#038;ssl=1\" alt=\"\" class=\"wp-image-4436\" srcset=\"https:\/\/i0.wp.com\/paroquiasportosanto.pt\/wp-content\/uploads\/2025\/02\/IMG_2846.jpeg?resize=1024%2C768&amp;ssl=1 1024w, https:\/\/i0.wp.com\/paroquiasportosanto.pt\/wp-content\/uploads\/2025\/02\/IMG_2846.jpeg?resize=300%2C225&amp;ssl=1 300w, https:\/\/i0.wp.com\/paroquiasportosanto.pt\/wp-content\/uploads\/2025\/02\/IMG_2846.jpeg?resize=150%2C113&amp;ssl=1 150w, https:\/\/i0.wp.com\/paroquiasportosanto.pt\/wp-content\/uploads\/2025\/02\/IMG_2846.jpeg?resize=768%2C576&amp;ssl=1 768w, https:\/\/i0.wp.com\/paroquiasportosanto.pt\/wp-content\/uploads\/2025\/02\/IMG_2846.jpeg?resize=1536%2C1152&amp;ssl=1 1536w, https:\/\/i0.wp.com\/paroquiasportosanto.pt\/wp-content\/uploads\/2025\/02\/IMG_2846.jpeg?resize=16%2C12&amp;ssl=1 16w, https:\/\/i0.wp.com\/paroquiasportosanto.pt\/wp-content\/uploads\/2025\/02\/IMG_2846.jpeg?w=1600&amp;ssl=1 1600w\" sizes=\"auto, (max-width: 750px) 100vw, 750px\" \/><figcaption class=\"wp-element-caption\">Confer\u00eancia da Dra. Susana Caldeira 22.02.2025<\/figcaption><\/figure>\n\n\n\n<figure class=\"wp-block-image size-large\"><img data-recalc-dims=\"1\" loading=\"lazy\" decoding=\"async\" width=\"473\" height=\"1024\" data-id=\"4437\" src=\"https:\/\/i0.wp.com\/paroquiasportosanto.pt\/wp-content\/uploads\/2025\/02\/IMG_2847.jpeg?resize=473%2C1024&#038;ssl=1\" alt=\"\" class=\"wp-image-4437\" srcset=\"https:\/\/i0.wp.com\/paroquiasportosanto.pt\/wp-content\/uploads\/2025\/02\/IMG_2847.jpeg?resize=473%2C1024&amp;ssl=1 473w, https:\/\/i0.wp.com\/paroquiasportosanto.pt\/wp-content\/uploads\/2025\/02\/IMG_2847.jpeg?resize=139%2C300&amp;ssl=1 139w, https:\/\/i0.wp.com\/paroquiasportosanto.pt\/wp-content\/uploads\/2025\/02\/IMG_2847.jpeg?resize=69%2C150&amp;ssl=1 69w, https:\/\/i0.wp.com\/paroquiasportosanto.pt\/wp-content\/uploads\/2025\/02\/IMG_2847.jpeg?resize=768%2C1663&amp;ssl=1 768w, https:\/\/i0.wp.com\/paroquiasportosanto.pt\/wp-content\/uploads\/2025\/02\/IMG_2847.jpeg?resize=709%2C1536&amp;ssl=1 709w, https:\/\/i0.wp.com\/paroquiasportosanto.pt\/wp-content\/uploads\/2025\/02\/IMG_2847.jpeg?resize=6%2C12&amp;ssl=1 6w, https:\/\/i0.wp.com\/paroquiasportosanto.pt\/wp-content\/uploads\/2025\/02\/IMG_2847.jpeg?w=942&amp;ssl=1 942w\" sizes=\"auto, (max-width: 473px) 100vw, 473px\" \/><figcaption class=\"wp-element-caption\">Confer\u00eancia da Dra. Susana Caldeira 22.02.2025<\/figcaption><\/figure>\n\n\n<div class=\"wp-block-image\">\n<figure class=\"aligncenter size-large\"><img data-recalc-dims=\"1\" loading=\"lazy\" decoding=\"async\" width=\"750\" height=\"687\" data-id=\"4438\" src=\"https:\/\/i0.wp.com\/paroquiasportosanto.pt\/wp-content\/uploads\/2025\/02\/IMG_2848.jpeg?resize=750%2C687&#038;ssl=1\" alt=\"\" class=\"wp-image-4438\" srcset=\"https:\/\/i0.wp.com\/paroquiasportosanto.pt\/wp-content\/uploads\/2025\/02\/IMG_2848-scaled.jpeg?resize=1024%2C938&amp;ssl=1 1024w, https:\/\/i0.wp.com\/paroquiasportosanto.pt\/wp-content\/uploads\/2025\/02\/IMG_2848-scaled.jpeg?resize=300%2C275&amp;ssl=1 300w, https:\/\/i0.wp.com\/paroquiasportosanto.pt\/wp-content\/uploads\/2025\/02\/IMG_2848-scaled.jpeg?resize=150%2C137&amp;ssl=1 150w, https:\/\/i0.wp.com\/paroquiasportosanto.pt\/wp-content\/uploads\/2025\/02\/IMG_2848-scaled.jpeg?resize=768%2C703&amp;ssl=1 768w, https:\/\/i0.wp.com\/paroquiasportosanto.pt\/wp-content\/uploads\/2025\/02\/IMG_2848-scaled.jpeg?resize=1536%2C1407&amp;ssl=1 1536w, https:\/\/i0.wp.com\/paroquiasportosanto.pt\/wp-content\/uploads\/2025\/02\/IMG_2848-scaled.jpeg?resize=2048%2C1876&amp;ssl=1 2048w, https:\/\/i0.wp.com\/paroquiasportosanto.pt\/wp-content\/uploads\/2025\/02\/IMG_2848-scaled.jpeg?resize=13%2C12&amp;ssl=1 13w, https:\/\/i0.wp.com\/paroquiasportosanto.pt\/wp-content\/uploads\/2025\/02\/IMG_2848-scaled.jpeg?w=2250&amp;ssl=1 2250w\" sizes=\"auto, (max-width: 750px) 100vw, 750px\" \/><figcaption class=\"wp-element-caption\">Dra. Susana Caldeira e Prof. Jos\u00e9 Campinho com a Comiss\u00e3o Interparoquial 22.02.2025<\/figcaption><\/figure>\n<\/div><\/figure>\n\n\n\n<p class=\"has-text-align-center has-accent-color has-text-color has-link-color has-medium-font-size wp-elements-f43dc7456269e9e5dfaaf1a033e22f05\"><\/p>\n\n\n\n<hr class=\"wp-block-separator aligncenter has-text-color has-accent-color has-alpha-channel-opacity has-accent-background-color has-background\"\/>\n\n\n\n<p><\/p>\n\n\n\n<figure class=\"wp-block-image alignwide size-large\"><img data-recalc-dims=\"1\" loading=\"lazy\" decoding=\"async\" width=\"750\" height=\"563\" src=\"https:\/\/i0.wp.com\/paroquiasportosanto.pt\/wp-content\/uploads\/2025\/02\/IMG_2846.jpeg?resize=750%2C563&#038;ssl=1\" alt=\"\" class=\"wp-image-4436\" srcset=\"https:\/\/i0.wp.com\/paroquiasportosanto.pt\/wp-content\/uploads\/2025\/02\/IMG_2846.jpeg?resize=1024%2C768&amp;ssl=1 1024w, https:\/\/i0.wp.com\/paroquiasportosanto.pt\/wp-content\/uploads\/2025\/02\/IMG_2846.jpeg?resize=300%2C225&amp;ssl=1 300w, https:\/\/i0.wp.com\/paroquiasportosanto.pt\/wp-content\/uploads\/2025\/02\/IMG_2846.jpeg?resize=150%2C113&amp;ssl=1 150w, https:\/\/i0.wp.com\/paroquiasportosanto.pt\/wp-content\/uploads\/2025\/02\/IMG_2846.jpeg?resize=768%2C576&amp;ssl=1 768w, https:\/\/i0.wp.com\/paroquiasportosanto.pt\/wp-content\/uploads\/2025\/02\/IMG_2846.jpeg?resize=1536%2C1152&amp;ssl=1 1536w, https:\/\/i0.wp.com\/paroquiasportosanto.pt\/wp-content\/uploads\/2025\/02\/IMG_2846.jpeg?resize=16%2C12&amp;ssl=1 16w, https:\/\/i0.wp.com\/paroquiasportosanto.pt\/wp-content\/uploads\/2025\/02\/IMG_2846.jpeg?w=1600&amp;ssl=1 1600w\" sizes=\"auto, (max-width: 750px) 100vw, 750px\" \/><\/figure>\n\n\n\n<p><\/p>\n\n\n\n<p class=\"has-text-align-center has-medium-font-size\"><strong>Not\u00edcia do Di\u00e1rio de Not\u00edcias no dia 22 de Fevereiro de 2025<\/strong><\/p>\n\n\n\n<blockquote class=\"wp-block-quote is-layout-flow wp-block-quote-is-layout-flow\">\n<p id=\"block-1\">As par\u00f3quias do Porto Santo assinalaram esta tarde de s\u00e1bado, atrav\u00e9s de uma conferencia na igreja da Piedade na ilha dourada, os 100 anos em que D. Estev\u00e3o Alencastre, um porto-santense, foi ordenado Bispo do Havai. Susana Caldeira, tem mestrado sobre a emigra\u00e7\u00e3o madeirense para o Havai, salientou ao DI\u00c1RIO, sobre o tema em causa: &#8220;ora este Bispo nasceu em Porto Santo, em 1876, e parte com o seus pais, tamb\u00e9m porto-santenses, para o Havai, em 1883, tinha seis anos\u201d.&nbsp; D. Estev\u00e3o Alencastre \u201cfez no Havai toda a sua escolaridade e aproximou-se da sua miss\u00e3o cat\u00f3lica\u201d, entretanto, \u201ctornou-se padre que era um desejo de sua m\u00e3e, para depois mais tarde, chegar a ser Bispo e primeiro Bispo no Havai, at\u00e9 lhe chamaram &#8216;The Island Boy&#8217;, por ele ter crescido nas ilha do Havai\u201d, disse. &#8220;\u00c9 muito importante para o Porto Santo ter uma refer\u00eancia destas&#8221;, afirma Susana Caldeira, \u201cporque \u00e9 de facto uma figura que levou o nome do Porto Santo, Madeira e Portugal, al\u00e9m fronteiras, neste caso para o outro lado do mundo\u201d.&nbsp; \u201cO Porto Santo ficou conhecido nos jornais, na altura em que morreu fizeram-se muitas reportagens, e sempre focaram a ilha do Porto Santo&#8221;, conta.&nbsp; A confer\u00eancia realizada na igreja matriz teve muitas pessoas a assistir, muitos jovens que est\u00e3o a frequentar a catequese, o que revela o interesse da popula\u00e7\u00e3o sobre este importante marco para os porto-santenses e o Porto Santo.<\/p>\n\n\n\n<p><a href=\"https:\/\/www.dnoticias.pt\/2025\/2\/22\/439179-d-estevao-alencastre-relembrado-hoje-em-conferencia-no-porto-santo\/?utm_source=facebook&amp;utm_medium=facebook&amp;fbclid=IwY2xjawIpM1VleHRuA2FlbQIxMQABHWQE1gCP61UIbl8lWlTSoyK7V15rsLMXj3zTf3iz1aG8YeXSK2ILHljAKg_aem_Hqye0oavdsbArkUcVWjmeg\" data-type=\"link\" data-id=\"https:\/\/www.dnoticias.pt\/2025\/2\/22\/439179-d-estevao-alencastre-relembrado-hoje-em-conferencia-no-porto-santo\/?utm_source=facebook&amp;utm_medium=facebook&amp;fbclid=IwY2xjawIpM1VleHRuA2FlbQIxMQABHWQE1gCP61UIbl8lWlTSoyK7V15rsLMXj3zTf3iz1aG8YeXSK2ILHljAKg_aem_Hqye0oavdsbArkUcVWjmeg\">Link da not\u00edcia<\/a><\/p>\n<\/blockquote>\n","protected":false},"excerpt":{"rendered":"<p>Galeria de registos fotogr\u00e1ficos da Comemora\u00e7\u00e3o do Centen\u00e1rio da Ordena\u00e7\u00e3o Episcopal de D. Est\u00eav\u00e3o de Alencastre, Bispo do Hawai. Not\u00edcia do Di\u00e1rio de Not\u00edcias no dia 22 de Fevereiro de 2025 As par\u00f3quias do Porto Santo assinalaram esta tarde de s\u00e1bado, atrav\u00e9s de uma conferencia na igreja da Piedade na [&hellip;]<\/p>\n","protected":false},"author":1,"featured_media":3367,"parent":0,"menu_order":0,"comment_status":"closed","ping_status":"closed","template":"","meta":{"_themeisle_gutenberg_block_has_review":false,"footnotes":""},"class_list":["post-3372","page","type-page","status-publish","has-post-thumbnail","hentry"],"_links":{"self":[{"href":"https:\/\/paroquiasportosanto.pt\/index.php?rest_route=\/wp\/v2\/pages\/3372","targetHints":{"allow":["GET"]}}],"collection":[{"href":"https:\/\/paroquiasportosanto.pt\/index.php?rest_route=\/wp\/v2\/pages"}],"about":[{"href":"https:\/\/paroquiasportosanto.pt\/index.php?rest_route=\/wp\/v2\/types\/page"}],"author":[{"embeddable":true,"href":"https:\/\/paroquiasportosanto.pt\/index.php?rest_route=\/wp\/v2\/users\/1"}],"replies":[{"embeddable":true,"href":"https:\/\/paroquiasportosanto.pt\/index.php?rest_route=%2Fwp%2Fv2%2Fcomments&post=3372"}],"version-history":[{"count":0,"href":"https:\/\/paroquiasportosanto.pt\/index.php?rest_route=\/wp\/v2\/pages\/3372\/revisions"}],"wp:featuredmedia":[{"embeddable":true,"href":"https:\/\/paroquiasportosanto.pt\/index.php?rest_route=\/wp\/v2\/media\/3367"}],"wp:attachment":[{"href":"https:\/\/paroquiasportosanto.pt\/index.php?rest_route=%2Fwp%2Fv2%2Fmedia&parent=3372"}],"curies":[{"name":"wp","href":"https:\/\/api.w.org\/{rel}","templated":true}]}}