{"id":1360,"date":"2022-10-10T15:59:08","date_gmt":"2022-10-10T15:59:08","guid":{"rendered":"https:\/\/paroquiasportosanto.pt\/?page_id=1360"},"modified":"2023-11-28T19:36:44","modified_gmt":"2023-11-28T19:36:44","slug":"capela-da-misericordia","status":"publish","type":"page","link":"https:\/\/paroquiasportosanto.pt\/?page_id=1360","title":{"rendered":"Capela da Miseric\u00f3rdia"},"content":{"rendered":"<div class=\"wp-block-image\">\n<figure class=\"aligncenter size-full\"><img data-recalc-dims=\"1\" loading=\"lazy\" decoding=\"async\" width=\"750\" height=\"422\" src=\"https:\/\/i0.wp.com\/paroquiasportosanto.pt\/wp-content\/uploads\/2022\/10\/capela-misericordia-0-800x450-1.jpg?resize=750%2C422&#038;ssl=1\" alt=\"\" class=\"wp-image-1361\" srcset=\"https:\/\/i0.wp.com\/paroquiasportosanto.pt\/wp-content\/uploads\/2022\/10\/capela-misericordia-0-800x450-1.jpg?w=800&amp;ssl=1 800w, https:\/\/i0.wp.com\/paroquiasportosanto.pt\/wp-content\/uploads\/2022\/10\/capela-misericordia-0-800x450-1.jpg?resize=300%2C169&amp;ssl=1 300w, https:\/\/i0.wp.com\/paroquiasportosanto.pt\/wp-content\/uploads\/2022\/10\/capela-misericordia-0-800x450-1.jpg?resize=150%2C84&amp;ssl=1 150w, https:\/\/i0.wp.com\/paroquiasportosanto.pt\/wp-content\/uploads\/2022\/10\/capela-misericordia-0-800x450-1.jpg?resize=768%2C432&amp;ssl=1 768w, https:\/\/i0.wp.com\/paroquiasportosanto.pt\/wp-content\/uploads\/2022\/10\/capela-misericordia-0-800x450-1.jpg?resize=18%2C10&amp;ssl=1 18w\" sizes=\"auto, (max-width: 750px) 100vw, 750px\" \/><\/figure>\n<\/div>\n\n\n<hr class=\"wp-block-separator has-alpha-channel-opacity\"\/>\n\n\n\n<p class=\"has-text-align-justify\">Capela maneirista de pequenas dimens\u00f5es, dedicada a Nossa Senhora da Visita\u00e7\u00e3o, composta por uma nave e uma capela-mor mais estreita e baixa. <br>No exterior, tem adossado um pequeno edif\u00edcio de dois pisos onde teria funcionado a Miseric\u00f3rdia.<\/p>\n\n\n\n<hr class=\"wp-block-separator has-alpha-channel-opacity\"\/>\n\n\n\n<figure class=\"wp-block-gallery has-nested-images columns-default is-cropped wp-block-gallery-1 is-layout-flex wp-block-gallery-is-layout-flex\">\n<figure class=\"wp-block-image size-large\"><img data-recalc-dims=\"1\" loading=\"lazy\" decoding=\"async\" width=\"750\" height=\"1005\" data-id=\"1363\" src=\"https:\/\/i0.wp.com\/paroquiasportosanto.pt\/wp-content\/uploads\/2022\/10\/misericordia-1.jpg?resize=750%2C1005&#038;ssl=1\" alt=\"\" class=\"wp-image-1363\" srcset=\"https:\/\/i0.wp.com\/paroquiasportosanto.pt\/wp-content\/uploads\/2022\/10\/misericordia-1.jpg?resize=764%2C1024&amp;ssl=1 764w, https:\/\/i0.wp.com\/paroquiasportosanto.pt\/wp-content\/uploads\/2022\/10\/misericordia-1.jpg?resize=224%2C300&amp;ssl=1 224w, https:\/\/i0.wp.com\/paroquiasportosanto.pt\/wp-content\/uploads\/2022\/10\/misericordia-1.jpg?resize=112%2C150&amp;ssl=1 112w, https:\/\/i0.wp.com\/paroquiasportosanto.pt\/wp-content\/uploads\/2022\/10\/misericordia-1.jpg?resize=768%2C1029&amp;ssl=1 768w, https:\/\/i0.wp.com\/paroquiasportosanto.pt\/wp-content\/uploads\/2022\/10\/misericordia-1.jpg?resize=1146%2C1536&amp;ssl=1 1146w, https:\/\/i0.wp.com\/paroquiasportosanto.pt\/wp-content\/uploads\/2022\/10\/misericordia-1.jpg?resize=9%2C12&amp;ssl=1 9w, https:\/\/i0.wp.com\/paroquiasportosanto.pt\/wp-content\/uploads\/2022\/10\/misericordia-1.jpg?w=1504&amp;ssl=1 1504w\" sizes=\"auto, (max-width: 750px) 100vw, 750px\" \/><\/figure>\n\n\n\n<figure class=\"wp-block-image size-large\"><img data-recalc-dims=\"1\" loading=\"lazy\" decoding=\"async\" width=\"720\" height=\"960\" data-id=\"1362\" src=\"https:\/\/i0.wp.com\/paroquiasportosanto.pt\/wp-content\/uploads\/2022\/10\/misericordia-2-1.jpg?resize=720%2C960&#038;ssl=1\" alt=\"\" class=\"wp-image-1362\" srcset=\"https:\/\/i0.wp.com\/paroquiasportosanto.pt\/wp-content\/uploads\/2022\/10\/misericordia-2-1.jpg?w=720&amp;ssl=1 720w, https:\/\/i0.wp.com\/paroquiasportosanto.pt\/wp-content\/uploads\/2022\/10\/misericordia-2-1.jpg?resize=225%2C300&amp;ssl=1 225w, https:\/\/i0.wp.com\/paroquiasportosanto.pt\/wp-content\/uploads\/2022\/10\/misericordia-2-1.jpg?resize=113%2C150&amp;ssl=1 113w, https:\/\/i0.wp.com\/paroquiasportosanto.pt\/wp-content\/uploads\/2022\/10\/misericordia-2-1.jpg?resize=9%2C12&amp;ssl=1 9w\" sizes=\"auto, (max-width: 720px) 100vw, 720px\" \/><\/figure>\n\n\n\n<figure class=\"wp-block-image size-large\"><img data-recalc-dims=\"1\" loading=\"lazy\" decoding=\"async\" width=\"750\" height=\"563\" data-id=\"1364\" src=\"https:\/\/i0.wp.com\/paroquiasportosanto.pt\/wp-content\/uploads\/2022\/10\/capela-misericordia-1.jpg?resize=750%2C563&#038;ssl=1\" alt=\"\" class=\"wp-image-1364\" srcset=\"https:\/\/i0.wp.com\/paroquiasportosanto.pt\/wp-content\/uploads\/2022\/10\/capela-misericordia-1.jpg?w=800&amp;ssl=1 800w, https:\/\/i0.wp.com\/paroquiasportosanto.pt\/wp-content\/uploads\/2022\/10\/capela-misericordia-1.jpg?resize=300%2C225&amp;ssl=1 300w, https:\/\/i0.wp.com\/paroquiasportosanto.pt\/wp-content\/uploads\/2022\/10\/capela-misericordia-1.jpg?resize=150%2C113&amp;ssl=1 150w, https:\/\/i0.wp.com\/paroquiasportosanto.pt\/wp-content\/uploads\/2022\/10\/capela-misericordia-1.jpg?resize=768%2C576&amp;ssl=1 768w, https:\/\/i0.wp.com\/paroquiasportosanto.pt\/wp-content\/uploads\/2022\/10\/capela-misericordia-1.jpg?resize=16%2C12&amp;ssl=1 16w\" sizes=\"auto, (max-width: 750px) 100vw, 750px\" \/><\/figure>\n<\/figure>\n\n\n\n<div style=\"height:50px\" aria-hidden=\"true\" class=\"wp-block-spacer\"><\/div>\n","protected":false},"excerpt":{"rendered":"<p>Capela maneirista de pequenas dimens\u00f5es, dedicada a Nossa Senhora da Visita\u00e7\u00e3o, composta por uma nave e uma capela-mor mais estreita e baixa. No exterior, tem adossado um pequeno edif\u00edcio de dois pisos onde teria funcionado a Miseric\u00f3rdia.<\/p>\n","protected":false},"author":1,"featured_media":0,"parent":0,"menu_order":0,"comment_status":"closed","ping_status":"closed","template":"","meta":{"_themeisle_gutenberg_block_has_review":false,"footnotes":""},"class_list":["post-1360","page","type-page","status-publish","hentry"],"_links":{"self":[{"href":"https:\/\/paroquiasportosanto.pt\/index.php?rest_route=\/wp\/v2\/pages\/1360","targetHints":{"allow":["GET"]}}],"collection":[{"href":"https:\/\/paroquiasportosanto.pt\/index.php?rest_route=\/wp\/v2\/pages"}],"about":[{"href":"https:\/\/paroquiasportosanto.pt\/index.php?rest_route=\/wp\/v2\/types\/page"}],"author":[{"embeddable":true,"href":"https:\/\/paroquiasportosanto.pt\/index.php?rest_route=\/wp\/v2\/users\/1"}],"replies":[{"embeddable":true,"href":"https:\/\/paroquiasportosanto.pt\/index.php?rest_route=%2Fwp%2Fv2%2Fcomments&post=1360"}],"version-history":[{"count":0,"href":"https:\/\/paroquiasportosanto.pt\/index.php?rest_route=\/wp\/v2\/pages\/1360\/revisions"}],"wp:attachment":[{"href":"https:\/\/paroquiasportosanto.pt\/index.php?rest_route=%2Fwp%2Fv2%2Fmedia&parent=1360"}],"curies":[{"name":"wp","href":"https:\/\/api.w.org\/{rel}","templated":true}]}}