{"id":1351,"date":"2022-10-10T15:53:15","date_gmt":"2022-10-10T15:53:15","guid":{"rendered":"https:\/\/paroquiasportosanto.pt\/?page_id=1351"},"modified":"2022-11-07T22:51:01","modified_gmt":"2022-11-07T22:51:01","slug":"capela-de-nossa-senhora-da-graca","status":"publish","type":"page","link":"https:\/\/paroquiasportosanto.pt\/?page_id=1351","title":{"rendered":"Capela de Nossa Senhora da Gra\u00e7a"},"content":{"rendered":"<div class=\"wp-block-image\">\n<figure class=\"aligncenter size-full is-resized\"><img data-recalc-dims=\"1\" loading=\"lazy\" decoding=\"async\" src=\"https:\/\/i0.wp.com\/paroquiasportosanto.pt\/wp-content\/uploads\/2021\/12\/CapeladeNossaSenhoradaGraca700x360-e1665127167274.jpg?resize=443%2C437&#038;ssl=1\" alt=\"\" class=\"wp-image-48\" width=\"443\" height=\"437\" srcset=\"https:\/\/i0.wp.com\/paroquiasportosanto.pt\/wp-content\/uploads\/2021\/12\/CapeladeNossaSenhoradaGraca700x360-e1665127167274.jpg?w=365&amp;ssl=1 365w, https:\/\/i0.wp.com\/paroquiasportosanto.pt\/wp-content\/uploads\/2021\/12\/CapeladeNossaSenhoradaGraca700x360-e1665127167274.jpg?resize=300%2C296&amp;ssl=1 300w, https:\/\/i0.wp.com\/paroquiasportosanto.pt\/wp-content\/uploads\/2021\/12\/CapeladeNossaSenhoradaGraca700x360-e1665127167274.jpg?resize=150%2C148&amp;ssl=1 150w, https:\/\/i0.wp.com\/paroquiasportosanto.pt\/wp-content\/uploads\/2021\/12\/CapeladeNossaSenhoradaGraca700x360-e1665127167274.jpg?resize=12%2C12&amp;ssl=1 12w\" sizes=\"auto, (max-width: 443px) 100vw, 443px\" \/><\/figure>\n<\/div>\n\n\n<hr class=\"wp-block-separator has-alpha-channel-opacity\"\/>\n\n\n\n<p class=\"has-text-align-justify\">Esta ermida \u00e9 um dos mais antigos templos constru\u00eddos no Porto Santo, antes de 1533. Destru\u00edda no ano de 1812, foi reconstru\u00edda em 1951.<br>Intimamente ligada \u00e0 hist\u00f3ria da ilha, aqui refugiaram-se muitos dos habitantes para escapar \u00e0 persegui\u00e7\u00e3o dos piratas.<br>\u00c9 na Capela de Nossa Senhora da Gra\u00e7a que se celebra uma das maiores festividades da ilha do Porto Santo, a 15 de Agosto, em honra de Nossa Senhora da Gra\u00e7a.<\/p>\n\n\n\n<hr class=\"wp-block-separator has-alpha-channel-opacity\"\/>\n\n\n\n<figure class=\"wp-block-gallery aligncenter has-nested-images columns-default is-cropped wp-block-gallery-1 is-layout-flex wp-block-gallery-is-layout-flex\">\n<figure class=\"wp-block-image size-large\"><img data-recalc-dims=\"1\" loading=\"lazy\" decoding=\"async\" width=\"700\" height=\"360\" data-id=\"1353\" src=\"https:\/\/i0.wp.com\/paroquiasportosanto.pt\/wp-content\/uploads\/2022\/10\/CapeladaGraca1700x360.jpg?resize=700%2C360&#038;ssl=1\" alt=\"\" class=\"wp-image-1353\" srcset=\"https:\/\/i0.wp.com\/paroquiasportosanto.pt\/wp-content\/uploads\/2022\/10\/CapeladaGraca1700x360.jpg?w=700&amp;ssl=1 700w, https:\/\/i0.wp.com\/paroquiasportosanto.pt\/wp-content\/uploads\/2022\/10\/CapeladaGraca1700x360.jpg?resize=300%2C154&amp;ssl=1 300w, https:\/\/i0.wp.com\/paroquiasportosanto.pt\/wp-content\/uploads\/2022\/10\/CapeladaGraca1700x360.jpg?resize=150%2C77&amp;ssl=1 150w, https:\/\/i0.wp.com\/paroquiasportosanto.pt\/wp-content\/uploads\/2022\/10\/CapeladaGraca1700x360.jpg?resize=18%2C9&amp;ssl=1 18w\" sizes=\"auto, (max-width: 700px) 100vw, 700px\" \/><\/figure>\n\n\n\n<figure class=\"wp-block-image size-large\"><img data-recalc-dims=\"1\" loading=\"lazy\" decoding=\"async\" width=\"700\" height=\"360\" data-id=\"1354\" src=\"https:\/\/i0.wp.com\/paroquiasportosanto.pt\/wp-content\/uploads\/2022\/10\/CapeladaGraca2700x360.jpg?resize=700%2C360&#038;ssl=1\" alt=\"\" class=\"wp-image-1354\" srcset=\"https:\/\/i0.wp.com\/paroquiasportosanto.pt\/wp-content\/uploads\/2022\/10\/CapeladaGraca2700x360.jpg?w=700&amp;ssl=1 700w, https:\/\/i0.wp.com\/paroquiasportosanto.pt\/wp-content\/uploads\/2022\/10\/CapeladaGraca2700x360.jpg?resize=300%2C154&amp;ssl=1 300w, https:\/\/i0.wp.com\/paroquiasportosanto.pt\/wp-content\/uploads\/2022\/10\/CapeladaGraca2700x360.jpg?resize=150%2C77&amp;ssl=1 150w, https:\/\/i0.wp.com\/paroquiasportosanto.pt\/wp-content\/uploads\/2022\/10\/CapeladaGraca2700x360.jpg?resize=18%2C9&amp;ssl=1 18w\" sizes=\"auto, (max-width: 700px) 100vw, 700px\" \/><\/figure>\n\n\n\n<figure class=\"wp-block-image size-large\"><img data-recalc-dims=\"1\" loading=\"lazy\" decoding=\"async\" width=\"700\" height=\"360\" data-id=\"1352\" src=\"https:\/\/i0.wp.com\/paroquiasportosanto.pt\/wp-content\/uploads\/2022\/10\/CapeladeNossaSenhoradaGraca700x360.jpg?resize=700%2C360&#038;ssl=1\" alt=\"\" class=\"wp-image-1352\" srcset=\"https:\/\/i0.wp.com\/paroquiasportosanto.pt\/wp-content\/uploads\/2022\/10\/CapeladeNossaSenhoradaGraca700x360.jpg?w=700&amp;ssl=1 700w, https:\/\/i0.wp.com\/paroquiasportosanto.pt\/wp-content\/uploads\/2022\/10\/CapeladeNossaSenhoradaGraca700x360.jpg?resize=300%2C154&amp;ssl=1 300w, https:\/\/i0.wp.com\/paroquiasportosanto.pt\/wp-content\/uploads\/2022\/10\/CapeladeNossaSenhoradaGraca700x360.jpg?resize=150%2C77&amp;ssl=1 150w, https:\/\/i0.wp.com\/paroquiasportosanto.pt\/wp-content\/uploads\/2022\/10\/CapeladeNossaSenhoradaGraca700x360.jpg?resize=18%2C9&amp;ssl=1 18w\" sizes=\"auto, (max-width: 700px) 100vw, 700px\" \/><\/figure>\n\n\n\n<figure class=\"wp-block-image size-large\"><img data-recalc-dims=\"1\" loading=\"lazy\" decoding=\"async\" width=\"682\" height=\"1024\" data-id=\"1356\" src=\"https:\/\/i0.wp.com\/paroquiasportosanto.pt\/wp-content\/uploads\/2022\/10\/308810124_5400717633357418_3631017480139056989_n.jpg?resize=682%2C1024&#038;ssl=1\" alt=\"\" class=\"wp-image-1356\" srcset=\"https:\/\/i0.wp.com\/paroquiasportosanto.pt\/wp-content\/uploads\/2022\/10\/308810124_5400717633357418_3631017480139056989_n.jpg?resize=682%2C1024&amp;ssl=1 682w, https:\/\/i0.wp.com\/paroquiasportosanto.pt\/wp-content\/uploads\/2022\/10\/308810124_5400717633357418_3631017480139056989_n.jpg?resize=200%2C300&amp;ssl=1 200w, https:\/\/i0.wp.com\/paroquiasportosanto.pt\/wp-content\/uploads\/2022\/10\/308810124_5400717633357418_3631017480139056989_n.jpg?resize=100%2C150&amp;ssl=1 100w, https:\/\/i0.wp.com\/paroquiasportosanto.pt\/wp-content\/uploads\/2022\/10\/308810124_5400717633357418_3631017480139056989_n.jpg?resize=768%2C1153&amp;ssl=1 768w, https:\/\/i0.wp.com\/paroquiasportosanto.pt\/wp-content\/uploads\/2022\/10\/308810124_5400717633357418_3631017480139056989_n.jpg?resize=1023%2C1536&amp;ssl=1 1023w, https:\/\/i0.wp.com\/paroquiasportosanto.pt\/wp-content\/uploads\/2022\/10\/308810124_5400717633357418_3631017480139056989_n.jpg?resize=8%2C12&amp;ssl=1 8w, https:\/\/i0.wp.com\/paroquiasportosanto.pt\/wp-content\/uploads\/2022\/10\/308810124_5400717633357418_3631017480139056989_n.jpg?w=1364&amp;ssl=1 1364w\" sizes=\"auto, (max-width: 682px) 100vw, 682px\" \/><\/figure>\n\n\n\n<figure class=\"wp-block-image size-large\"><img data-recalc-dims=\"1\" loading=\"lazy\" decoding=\"async\" width=\"750\" height=\"1000\" data-id=\"1355\" src=\"https:\/\/i0.wp.com\/paroquiasportosanto.pt\/wp-content\/uploads\/2022\/10\/308822017_3343386609241299_1036763300204134697_n.jpg?resize=750%2C1000&#038;ssl=1\" alt=\"\" class=\"wp-image-1355\" srcset=\"https:\/\/i0.wp.com\/paroquiasportosanto.pt\/wp-content\/uploads\/2022\/10\/308822017_3343386609241299_1036763300204134697_n.jpg?resize=768%2C1024&amp;ssl=1 768w, https:\/\/i0.wp.com\/paroquiasportosanto.pt\/wp-content\/uploads\/2022\/10\/308822017_3343386609241299_1036763300204134697_n.jpg?resize=225%2C300&amp;ssl=1 225w, https:\/\/i0.wp.com\/paroquiasportosanto.pt\/wp-content\/uploads\/2022\/10\/308822017_3343386609241299_1036763300204134697_n.jpg?resize=113%2C150&amp;ssl=1 113w, https:\/\/i0.wp.com\/paroquiasportosanto.pt\/wp-content\/uploads\/2022\/10\/308822017_3343386609241299_1036763300204134697_n.jpg?resize=1152%2C1536&amp;ssl=1 1152w, https:\/\/i0.wp.com\/paroquiasportosanto.pt\/wp-content\/uploads\/2022\/10\/308822017_3343386609241299_1036763300204134697_n.jpg?resize=9%2C12&amp;ssl=1 9w, https:\/\/i0.wp.com\/paroquiasportosanto.pt\/wp-content\/uploads\/2022\/10\/308822017_3343386609241299_1036763300204134697_n.jpg?w=1536&amp;ssl=1 1536w\" sizes=\"auto, (max-width: 750px) 100vw, 750px\" \/><\/figure>\n<\/figure>\n","protected":false},"excerpt":{"rendered":"<p>Esta ermida \u00e9 um dos mais antigos templos constru\u00eddos no Porto Santo, antes de 1533. Destru\u00edda no ano de 1812, foi reconstru\u00edda em 1951.Intimamente ligada \u00e0 hist\u00f3ria da ilha, aqui refugiaram-se muitos dos habitantes para escapar \u00e0 persegui\u00e7\u00e3o dos piratas.\u00c9 na Capela de Nossa Senhora da Gra\u00e7a que se celebra [&hellip;]<\/p>\n","protected":false},"author":1,"featured_media":0,"parent":0,"menu_order":0,"comment_status":"closed","ping_status":"closed","template":"","meta":{"_themeisle_gutenberg_block_has_review":false,"footnotes":""},"class_list":["post-1351","page","type-page","status-publish","hentry"],"_links":{"self":[{"href":"https:\/\/paroquiasportosanto.pt\/index.php?rest_route=\/wp\/v2\/pages\/1351","targetHints":{"allow":["GET"]}}],"collection":[{"href":"https:\/\/paroquiasportosanto.pt\/index.php?rest_route=\/wp\/v2\/pages"}],"about":[{"href":"https:\/\/paroquiasportosanto.pt\/index.php?rest_route=\/wp\/v2\/types\/page"}],"author":[{"embeddable":true,"href":"https:\/\/paroquiasportosanto.pt\/index.php?rest_route=\/wp\/v2\/users\/1"}],"replies":[{"embeddable":true,"href":"https:\/\/paroquiasportosanto.pt\/index.php?rest_route=%2Fwp%2Fv2%2Fcomments&post=1351"}],"version-history":[{"count":0,"href":"https:\/\/paroquiasportosanto.pt\/index.php?rest_route=\/wp\/v2\/pages\/1351\/revisions"}],"wp:attachment":[{"href":"https:\/\/paroquiasportosanto.pt\/index.php?rest_route=%2Fwp%2Fv2%2Fmedia&parent=1351"}],"curies":[{"name":"wp","href":"https:\/\/api.w.org\/{rel}","templated":true}]}}